{"id":1146,"date":"2022-01-28T11:00:38","date_gmt":"2022-01-28T08:00:38","guid":{"rendered":"http:\/\/leatherworld.com.tr\/demo\/bianca\/?post_type=product&#038;p=1146"},"modified":"2022-02-14T13:31:59","modified_gmt":"2022-02-14T10:31:59","slug":"bia-fix-universal-akrilik-yapistirici","status":"publish","type":"product","link":"https:\/\/bianca.com.tr\/ru\/\u00fcr\u00fcn\/bia-fix-universal-akrilik-yapistirici\/","title":{"rendered":"Bia-Fix Universal Acrylic Adhesive"},"content":{"rendered":"<p>Polimer dispersiyon esasl\u0131, y\u00fcksek performansl\u0131, emici y\u00fczeyler i\u00e7in kullan\u0131ma haz\u0131r, fayans, seramik ve cam mozaik yap\u0131\u015ft\u0131r\u0131c\u0131s\u0131.<\/p>\n<p><b>AREAS OF USE<br \/>\n<\/b>\u2022 Indoors, in horizontal and vertical applications,<br \/>\n\u2022 Glues materials such as tiles, ceramics, glass mosaics to gypsum board, cardboard, wood, gypsum plastered surfaces.<br \/>\n\u2022 In wet areas such as bathrooms,<br \/>\n\u2022 Gluing ceramics on ceramic,<br \/>\n\u2022 Gluing heat insulation panels. (Indoors)<\/p>\n<p>&nbsp;<\/p>\n<p><strong>ADVANTAGE<br \/>\n<\/strong>\u2022 Ready to use, not mixed with water.<br \/>\n\u2022 The study period is long.<br \/>\n\u2022 It is applied very comfortably, it is odorless.<br \/>\n\u2022 Flexible is not affected by vibrations.<br \/>\n\u2022 It conforms to floor stresses caused by temperature differences and is not affected.<br \/>\n\u2022 Not affected by humidity.<\/p>\n<p>&nbsp;<\/p>\n<p><strong>APPLICATION<br \/>\n<\/strong><em><strong>Bia-Fix Universal Acrylic Adhesive <\/strong><\/em>layer is applied to the application surface on the flat side of trowel with a thickness of 1 mm. To the large area that can be covered within 20 minutes of the open waiting time, <em><strong>Bia-Fix Universal Acrylic Adhesive<\/strong><\/em> is drawn in one direction to obtain uniform thickness with trowel gear side. <em><strong>Bia-Fix Universal Acrylic Adhesive <\/strong><\/em>is recommended to be applied behind each ceramic or tile to a thickness of 1 mm in order to close the irregularities in the application surface in bonding different ceramic or tiles with different thicknesses. When applying ceramics or tiles to the floor, the coating materials are floated in the paste to ensure complete contact with the adhesive paste. Application is completed by leaving the recommended grout gap according to suitable ceramic and tile sizes. <em><strong>Bia-Fix Universal Acrylic Adhesive<\/strong><\/em> grout fillers should be used to fill the remaining grout spaces. Grout application can be completed in about 3-4 days.<\/p>\n","protected":false},"excerpt":{"rendered":"<p><strong>Polymer Dispersion Based, High Performance, Ready To Use For Absorbent Surfaces, Tile, Ceramic And Glass Mosaic Adhesive<\/strong><\/p>\n<ul class=\"butonlar tekli\">\n<li><a href=\"https:\/\/bianca.com.tr\/en\/wp-content\/uploads\/2019\/02\/bia-fix_universal-akrilik_tds_ing.pdf\" target=\"_blank\" rel=\"noopener noreferrer\">TDS<\/a><\/li>\n<\/ul>\n","protected":false},"featured_media":1723,"template":"","meta":[],"product_brand":[],"product_cat":[84,91],"product_tag":[],"class_list":{"0":"post-1146","1":"product","2":"type-product","3":"status-publish","4":"has-post-thumbnail","6":"product_cat-84","7":"product_cat-91","9":"first","10":"instock","11":"shipping-taxable","12":"product-type-simple"},"yoast_head":"<!-- This site is optimized with the Yoast SEO plugin v26.4 - https:\/\/yoast.com\/wordpress\/plugins\/seo\/ -->\n<title>Bia-Fix Universal Acrylic Adhesive - Bianca Boya<\/title>\n<meta name=\"robots\" content=\"index, follow, max-snippet:-1, max-image-preview:large, max-video-preview:-1\" \/>\n<link rel=\"canonical\" href=\"https:\/\/bianca.com.tr\/ru\/\u00fcr\u00fcn\/bia-fix-universal-akrilik-yapistirici\/\" \/>\n<meta property=\"og:locale\" content=\"ru_RU\" \/>\n<meta property=\"og:type\" content=\"article\" \/>\n<meta property=\"og:title\" content=\"Bia-Fix Universal Acrylic Adhesive - Bianca Boya\" \/>\n<meta property=\"og:description\" content=\"Polymer Dispersion Based, High Performance, Ready To Use For Absorbent Surfaces, Tile, Ceramic And Glass Mosaic Adhesive   TDS\" \/>\n<meta property=\"og:url\" content=\"https:\/\/bianca.com.tr\/ru\/\u00fcr\u00fcn\/bia-fix-universal-akrilik-yapistirici\/\" \/>\n<meta property=\"og:site_name\" content=\"Bianca Boya\" \/>\n<meta property=\"article:modified_time\" content=\"2022-02-14T10:31:59+00:00\" \/>\n<meta property=\"og:image\" content=\"https:\/\/bianca.com.tr\/ru\/wp-content\/uploads\/2018\/08\/bia-fix_Universal-Akrilik-Yapistirici.png\" \/>\n\t<meta property=\"og:image:width\" content=\"675\" \/>\n\t<meta property=\"og:image:height\" content=\"600\" \/>\n\t<meta property=\"og:image:type\" content=\"image\/png\" \/>\n<meta name=\"twitter:card\" content=\"summary_large_image\" \/>\n<meta name=\"twitter:label1\" content=\"\u041f\u0440\u0438\u043c\u0435\u0440\u043d\u043e\u0435 \u0432\u0440\u0435\u043c\u044f \u0434\u043b\u044f \u0447\u0442\u0435\u043d\u0438\u044f\" \/>\n\t<meta name=\"twitter:data1\" content=\"1 \u043c\u0438\u043d\u0443\u0442\u0430\" \/>\n<script type=\"application\/ld+json\" class=\"yoast-schema-graph\">{\"@context\":\"https:\/\/schema.org\",\"@graph\":[{\"@type\":\"WebPage\",\"@id\":\"https:\/\/bianca.com.tr\/ru\/\u00fcr\u00fcn\/bia-fix-universal-akrilik-yapistirici\/\",\"url\":\"https:\/\/bianca.com.tr\/ru\/\u00fcr\u00fcn\/bia-fix-universal-akrilik-yapistirici\/\",\"name\":\"Bia-Fix Universal Acrylic Adhesive - Bianca Boya\",\"isPartOf\":{\"@id\":\"https:\/\/bianca.com.tr\/ru\/#website\"},\"primaryImageOfPage\":{\"@id\":\"https:\/\/bianca.com.tr\/ru\/\u00fcr\u00fcn\/bia-fix-universal-akrilik-yapistirici\/#primaryimage\"},\"image\":{\"@id\":\"https:\/\/bianca.com.tr\/ru\/\u00fcr\u00fcn\/bia-fix-universal-akrilik-yapistirici\/#primaryimage\"},\"thumbnailUrl\":\"https:\/\/bianca.com.tr\/ru\/wp-content\/uploads\/2018\/08\/bia-fix_Universal-Akrilik-Yapistirici.png\",\"datePublished\":\"2022-01-28T08:00:38+00:00\",\"dateModified\":\"2022-02-14T10:31:59+00:00\",\"breadcrumb\":{\"@id\":\"https:\/\/bianca.com.tr\/ru\/\u00fcr\u00fcn\/bia-fix-universal-akrilik-yapistirici\/#breadcrumb\"},\"inLanguage\":\"ru-RU\",\"potentialAction\":[{\"@type\":\"ReadAction\",\"target\":[\"https:\/\/bianca.com.tr\/ru\/\u00fcr\u00fcn\/bia-fix-universal-akrilik-yapistirici\/\"]}]},{\"@type\":\"ImageObject\",\"inLanguage\":\"ru-RU\",\"@id\":\"https:\/\/bianca.com.tr\/ru\/\u00fcr\u00fcn\/bia-fix-universal-akrilik-yapistirici\/#primaryimage\",\"url\":\"https:\/\/bianca.com.tr\/ru\/wp-content\/uploads\/2018\/08\/bia-fix_Universal-Akrilik-Yapistirici.png\",\"contentUrl\":\"https:\/\/bianca.com.tr\/ru\/wp-content\/uploads\/2018\/08\/bia-fix_Universal-Akrilik-Yapistirici.png\",\"width\":675,\"height\":600},{\"@type\":\"BreadcrumbList\",\"@id\":\"https:\/\/bianca.com.tr\/ru\/\u00fcr\u00fcn\/bia-fix-universal-akrilik-yapistirici\/#breadcrumb\",\"itemListElement\":[{\"@type\":\"ListItem\",\"position\":1,\"name\":\"\u0413\u043b\u0430\u0432\u043d\u0430\u044f \u0441\u0442\u0440\u0430\u043d\u0438\u0446\u0430\",\"item\":\"https:\/\/bianca.com.tr\/ru\/\"},{\"@type\":\"ListItem\",\"position\":2,\"name\":\"Ma\u011faza\",\"item\":\"https:\/\/bianca.com.tr\/ru\/magaza\/\"},{\"@type\":\"ListItem\",\"position\":3,\"name\":\"Bia-Fix Universal Acrylic Adhesive\"}]},{\"@type\":\"WebSite\",\"@id\":\"https:\/\/bianca.com.tr\/ru\/#website\",\"url\":\"https:\/\/bianca.com.tr\/ru\/\",\"name\":\"Bianca Boya\",\"description\":\"\",\"potentialAction\":[{\"@type\":\"SearchAction\",\"target\":{\"@type\":\"EntryPoint\",\"urlTemplate\":\"https:\/\/bianca.com.tr\/ru\/?s={search_term_string}\"},\"query-input\":{\"@type\":\"PropertyValueSpecification\",\"valueRequired\":true,\"valueName\":\"search_term_string\"}}],\"inLanguage\":\"ru-RU\"}]}<\/script>\n<!-- \/ Yoast SEO plugin. -->","yoast_head_json":{"title":"Bia-Fix Universal Acrylic Adhesive - Bianca Boya","robots":{"index":"index","follow":"follow","max-snippet":"max-snippet:-1","max-image-preview":"max-image-preview:large","max-video-preview":"max-video-preview:-1"},"canonical":"https:\/\/bianca.com.tr\/ru\/\u00fcr\u00fcn\/bia-fix-universal-akrilik-yapistirici\/","og_locale":"ru_RU","og_type":"article","og_title":"Bia-Fix Universal Acrylic Adhesive - Bianca Boya","og_description":"Polymer Dispersion Based, High Performance, Ready To Use For Absorbent Surfaces, Tile, Ceramic And Glass Mosaic Adhesive   TDS","og_url":"https:\/\/bianca.com.tr\/ru\/\u00fcr\u00fcn\/bia-fix-universal-akrilik-yapistirici\/","og_site_name":"Bianca Boya","article_modified_time":"2022-02-14T10:31:59+00:00","og_image":[{"width":675,"height":600,"url":"https:\/\/bianca.com.tr\/ru\/wp-content\/uploads\/2018\/08\/bia-fix_Universal-Akrilik-Yapistirici.png","type":"image\/png"}],"twitter_card":"summary_large_image","twitter_misc":{"\u041f\u0440\u0438\u043c\u0435\u0440\u043d\u043e\u0435 \u0432\u0440\u0435\u043c\u044f \u0434\u043b\u044f \u0447\u0442\u0435\u043d\u0438\u044f":"1 \u043c\u0438\u043d\u0443\u0442\u0430"},"schema":{"@context":"https:\/\/schema.org","@graph":[{"@type":"WebPage","@id":"https:\/\/bianca.com.tr\/ru\/\u00fcr\u00fcn\/bia-fix-universal-akrilik-yapistirici\/","url":"https:\/\/bianca.com.tr\/ru\/\u00fcr\u00fcn\/bia-fix-universal-akrilik-yapistirici\/","name":"Bia-Fix Universal Acrylic Adhesive - Bianca Boya","isPartOf":{"@id":"https:\/\/bianca.com.tr\/ru\/#website"},"primaryImageOfPage":{"@id":"https:\/\/bianca.com.tr\/ru\/\u00fcr\u00fcn\/bia-fix-universal-akrilik-yapistirici\/#primaryimage"},"image":{"@id":"https:\/\/bianca.com.tr\/ru\/\u00fcr\u00fcn\/bia-fix-universal-akrilik-yapistirici\/#primaryimage"},"thumbnailUrl":"https:\/\/bianca.com.tr\/ru\/wp-content\/uploads\/2018\/08\/bia-fix_Universal-Akrilik-Yapistirici.png","datePublished":"2022-01-28T08:00:38+00:00","dateModified":"2022-02-14T10:31:59+00:00","breadcrumb":{"@id":"https:\/\/bianca.com.tr\/ru\/\u00fcr\u00fcn\/bia-fix-universal-akrilik-yapistirici\/#breadcrumb"},"inLanguage":"ru-RU","potentialAction":[{"@type":"ReadAction","target":["https:\/\/bianca.com.tr\/ru\/\u00fcr\u00fcn\/bia-fix-universal-akrilik-yapistirici\/"]}]},{"@type":"ImageObject","inLanguage":"ru-RU","@id":"https:\/\/bianca.com.tr\/ru\/\u00fcr\u00fcn\/bia-fix-universal-akrilik-yapistirici\/#primaryimage","url":"https:\/\/bianca.com.tr\/ru\/wp-content\/uploads\/2018\/08\/bia-fix_Universal-Akrilik-Yapistirici.png","contentUrl":"https:\/\/bianca.com.tr\/ru\/wp-content\/uploads\/2018\/08\/bia-fix_Universal-Akrilik-Yapistirici.png","width":675,"height":600},{"@type":"BreadcrumbList","@id":"https:\/\/bianca.com.tr\/ru\/\u00fcr\u00fcn\/bia-fix-universal-akrilik-yapistirici\/#breadcrumb","itemListElement":[{"@type":"ListItem","position":1,"name":"\u0413\u043b\u0430\u0432\u043d\u0430\u044f \u0441\u0442\u0440\u0430\u043d\u0438\u0446\u0430","item":"https:\/\/bianca.com.tr\/ru\/"},{"@type":"ListItem","position":2,"name":"Ma\u011faza","item":"https:\/\/bianca.com.tr\/ru\/magaza\/"},{"@type":"ListItem","position":3,"name":"Bia-Fix Universal Acrylic Adhesive"}]},{"@type":"WebSite","@id":"https:\/\/bianca.com.tr\/ru\/#website","url":"https:\/\/bianca.com.tr\/ru\/","name":"Bianca Boya","description":"","potentialAction":[{"@type":"SearchAction","target":{"@type":"EntryPoint","urlTemplate":"https:\/\/bianca.com.tr\/ru\/?s={search_term_string}"},"query-input":{"@type":"PropertyValueSpecification","valueRequired":true,"valueName":"search_term_string"}}],"inLanguage":"ru-RU"}]}},"_links":{"self":[{"href":"https:\/\/bianca.com.tr\/ru\/wp-json\/wp\/v2\/product\/1146","targetHints":{"allow":["GET"]}}],"collection":[{"href":"https:\/\/bianca.com.tr\/ru\/wp-json\/wp\/v2\/product"}],"about":[{"href":"https:\/\/bianca.com.tr\/ru\/wp-json\/wp\/v2\/types\/product"}],"wp:featuredmedia":[{"embeddable":true,"href":"https:\/\/bianca.com.tr\/ru\/wp-json\/wp\/v2\/media\/1723"}],"wp:attachment":[{"href":"https:\/\/bianca.com.tr\/ru\/wp-json\/wp\/v2\/media?parent=1146"}],"wp:term":[{"taxonomy":"product_brand","embeddable":true,"href":"https:\/\/bianca.com.tr\/ru\/wp-json\/wp\/v2\/product_brand?post=1146"},{"taxonomy":"product_cat","embeddable":true,"href":"https:\/\/bianca.com.tr\/ru\/wp-json\/wp\/v2\/product_cat?post=1146"},{"taxonomy":"product_tag","embeddable":true,"href":"https:\/\/bianca.com.tr\/ru\/wp-json\/wp\/v2\/product_tag?post=1146"}],"curies":[{"name":"wp","href":"https:\/\/api.w.org\/{rel}","templated":true}]}}