{"id":11,"date":"2017-09-13T18:46:19","date_gmt":"2017-09-13T15:46:19","guid":{"rendered":"http:\/\/localhost\/bianca\/?page_id=11"},"modified":"2020-05-30T18:56:48","modified_gmt":"2020-05-30T15:56:48","slug":"contact","status":"publish","type":"page","link":"https:\/\/bianca.com.tr\/ru\/contact\/","title":{"rendered":"\u043a\u043e\u043d\u0442\u0430\u043a\u0442"},"content":{"rendered":"<div class=\"col-sm-6\">\n<h3 class=\"widget-title\">ORK\u0130M ORTAKLAR BOYA SANAY\u0130 VE PAZ. A.\u015e.<\/h3>\n<div class=\"textwidget\">\n<p><strong>A:<\/strong> Karaa\u011fa\u00e7 Mah. Had\u0131mk\u00f6y \u0130stanbul Cad. No:36 B\u00fcy\u00fck\u00e7ekmece \u2013 \u0130stanbul<\/p>\n<p><strong>T:<\/strong> +90 (212) 858 16 00 (pbx)<\/p>\n<p><strong>F:<\/strong> +90 (212) 858 04 08<\/p>\n<p><strong>E:<\/strong> export@biancaboya.com<\/p>\n<\/div>\n<\/div>\n<div class=\"col-sm-6\">\n<h3 class=\"widget-title\">\u0424\u041e\u0420\u041c\u0410 \u041e\u0411\u0420\u0410\u0422\u041d\u041e\u0419 \u0421\u0412\u042f\u0417\u0418<\/h3>\n<div class=\"textwidget\">\n\n<div class=\"wpcf7 no-js\" id=\"wpcf7-f68-o1\" lang=\"tr-TR\" dir=\"ltr\" data-wpcf7-id=\"68\">\n<div class=\"screen-reader-response\"><p role=\"status\" aria-live=\"polite\" aria-atomic=\"true\"><\/p> <ul><\/ul><\/div>\n<form action=\"\/ru\/wp-json\/wp\/v2\/pages\/11#wpcf7-f68-o1\" method=\"post\" class=\"wpcf7-form init\" aria-label=\"\u0130leti\u015fim Formu\" novalidate=\"novalidate\" data-status=\"init\">\n<fieldset class=\"hidden-fields-container\"><input type=\"hidden\" name=\"_wpcf7\" value=\"68\" \/><input type=\"hidden\" name=\"_wpcf7_version\" value=\"6.1.3\" \/><input type=\"hidden\" name=\"_wpcf7_locale\" value=\"tr_TR\" \/><input type=\"hidden\" name=\"_wpcf7_unit_tag\" value=\"wpcf7-f68-o1\" \/><input type=\"hidden\" name=\"_wpcf7_container_post\" value=\"0\" \/><input type=\"hidden\" name=\"_wpcf7_posted_data_hash\" value=\"\" \/><input type=\"hidden\" name=\"_wpcf7_recaptcha_response\" value=\"\" \/>\n<\/fieldset>\n<p><label> \u0412\u0430\u0448\u0435 \u0438\u043c\u044f (\u0442\u0440\u0435\u0431\u0443\u0435\u0442\u0441\u044f)<br \/>\n<span class=\"wpcf7-form-control-wrap\" data-name=\"your-name\"><input size=\"40\" maxlength=\"400\" class=\"wpcf7-form-control wpcf7-text wpcf7-validates-as-required form-control\" aria-required=\"true\" aria-invalid=\"false\" value=\"\" type=\"text\" name=\"your-name\" \/><\/span> <\/label>\n<\/p>\n<p><label> \u0412\u0430\u0448 \u0430\u0434\u0440\u0435\u0441 \u044d\u043b\u0435\u043a\u0442\u0440\u043e\u043d\u043d\u043e\u0439 \u043f\u043e\u0447\u0442\u044b (\u0442\u0440\u0435\u0431\u0443\u0435\u0442\u0441\u044f)<br \/>\n<span class=\"wpcf7-form-control-wrap\" data-name=\"your-email\"><input size=\"40\" maxlength=\"400\" class=\"wpcf7-form-control wpcf7-email wpcf7-validates-as-required wpcf7-text wpcf7-validates-as-email form-control\" aria-required=\"true\" aria-invalid=\"false\" value=\"\" type=\"email\" name=\"your-email\" \/><\/span> <\/label>\n<\/p>\n<p><label> \u0422\u0432\u043e\u0435 \u0441\u043e\u043e\u0431\u0449\u0435\u043d\u0438\u0435<br \/>\n<span class=\"wpcf7-form-control-wrap\" data-name=\"your-message\"><textarea cols=\"40\" rows=\"10\" maxlength=\"2000\" class=\"wpcf7-form-control wpcf7-textarea form-control\" aria-invalid=\"false\" name=\"your-message\"><\/textarea><\/span> <\/label>\n<\/p>\n\n<p><input class=\"wpcf7-form-control wpcf7-submit has-spinner btn btn-primary\" type=\"submit\" value=\"\u043f\u043e\u0441\u043b\u0430\u0442\u044c\" \/>\n<\/p><p style=\"display: none !important;\" class=\"akismet-fields-container\" data-prefix=\"_wpcf7_ak_\"><label>&#916;<textarea name=\"_wpcf7_ak_hp_textarea\" cols=\"45\" rows=\"8\" maxlength=\"100\"><\/textarea><\/label><input type=\"hidden\" id=\"ak_js_1\" name=\"_wpcf7_ak_js\" value=\"161\"\/><script>document.getElementById( \"ak_js_1\" ).setAttribute( \"value\", ( new Date() ).getTime() );<\/script><\/p><div class=\"wpcf7-response-output\" aria-hidden=\"true\"><\/div>\n<\/form>\n<\/div>\n\n<\/div>\n<\/div>\n","protected":false},"excerpt":{"rendered":"<p>ORK\u0130M ORTAKLAR BOYA SANAY\u0130 VE PAZ. A.\u015e. A: Karaa\u011fa\u00e7 Mah. Had\u0131mk\u00f6y \u0130stanbul Cad. No:36 B\u00fcy\u00fck\u00e7ekmece \u2013 \u0130stanbul T: +90 (212) 858 16 00 (pbx) F: +90 (212) 858 04 08 E: export@biancaboya.com \u0424\u041e\u0420\u041c\u0410 \u041e\u0411\u0420\u0410\u0422\u041d\u041e\u0419 \u0421\u0412\u042f\u0417\u0418<\/p>\n","protected":false},"author":1,"featured_media":0,"parent":0,"menu_order":0,"comment_status":"closed","ping_status":"closed","template":"","meta":{"footnotes":""},"class_list":["post-11","page","type-page","status-publish","hentry"],"yoast_head":"<!-- This site is optimized with the Yoast SEO plugin v26.4 - https:\/\/yoast.com\/wordpress\/plugins\/seo\/ -->\n<title>\u043a\u043e\u043d\u0442\u0430\u043a\u0442 - Bianca Boya<\/title>\n<meta name=\"robots\" content=\"index, follow, max-snippet:-1, max-image-preview:large, max-video-preview:-1\" \/>\n<link rel=\"canonical\" href=\"https:\/\/bianca.com.tr\/ru\/contact\/\" \/>\n<meta property=\"og:locale\" content=\"ru_RU\" \/>\n<meta property=\"og:type\" content=\"article\" \/>\n<meta property=\"og:title\" content=\"\u043a\u043e\u043d\u0442\u0430\u043a\u0442 - Bianca Boya\" \/>\n<meta property=\"og:description\" content=\"ORK\u0130M ORTAKLAR BOYA SANAY\u0130 VE PAZ. A.\u015e. A: Karaa\u011fa\u00e7 Mah. Had\u0131mk\u00f6y \u0130stanbul Cad. No:36 B\u00fcy\u00fck\u00e7ekmece \u2013 \u0130stanbul T: +90 (212) 858 16 00 (pbx) F: +90 (212) 858 04 08 E: export@biancaboya.com \u0424\u041e\u0420\u041c\u0410 \u041e\u0411\u0420\u0410\u0422\u041d\u041e\u0419 \u0421\u0412\u042f\u0417\u0418\" \/>\n<meta property=\"og:url\" content=\"https:\/\/bianca.com.tr\/ru\/contact\/\" \/>\n<meta property=\"og:site_name\" content=\"Bianca Boya\" \/>\n<meta property=\"article:modified_time\" content=\"2020-05-30T15:56:48+00:00\" \/>\n<meta name=\"twitter:card\" content=\"summary_large_image\" \/>\n<script type=\"application\/ld+json\" class=\"yoast-schema-graph\">{\"@context\":\"https:\/\/schema.org\",\"@graph\":[{\"@type\":\"WebPage\",\"@id\":\"https:\/\/bianca.com.tr\/ru\/contact\/\",\"url\":\"https:\/\/bianca.com.tr\/ru\/contact\/\",\"name\":\"\u043a\u043e\u043d\u0442\u0430\u043a\u0442 - Bianca Boya\",\"isPartOf\":{\"@id\":\"https:\/\/bianca.com.tr\/ru\/#website\"},\"datePublished\":\"2017-09-13T15:46:19+00:00\",\"dateModified\":\"2020-05-30T15:56:48+00:00\",\"breadcrumb\":{\"@id\":\"https:\/\/bianca.com.tr\/ru\/contact\/#breadcrumb\"},\"inLanguage\":\"ru-RU\",\"potentialAction\":[{\"@type\":\"ReadAction\",\"target\":[\"https:\/\/bianca.com.tr\/ru\/contact\/\"]}]},{\"@type\":\"BreadcrumbList\",\"@id\":\"https:\/\/bianca.com.tr\/ru\/contact\/#breadcrumb\",\"itemListElement\":[{\"@type\":\"ListItem\",\"position\":1,\"name\":\"\u0413\u043b\u0430\u0432\u043d\u0430\u044f \u0441\u0442\u0440\u0430\u043d\u0438\u0446\u0430\",\"item\":\"https:\/\/bianca.com.tr\/ru\/\"},{\"@type\":\"ListItem\",\"position\":2,\"name\":\"\u043a\u043e\u043d\u0442\u0430\u043a\u0442\"}]},{\"@type\":\"WebSite\",\"@id\":\"https:\/\/bianca.com.tr\/ru\/#website\",\"url\":\"https:\/\/bianca.com.tr\/ru\/\",\"name\":\"Bianca Boya\",\"description\":\"\",\"potentialAction\":[{\"@type\":\"SearchAction\",\"target\":{\"@type\":\"EntryPoint\",\"urlTemplate\":\"https:\/\/bianca.com.tr\/ru\/?s={search_term_string}\"},\"query-input\":{\"@type\":\"PropertyValueSpecification\",\"valueRequired\":true,\"valueName\":\"search_term_string\"}}],\"inLanguage\":\"ru-RU\"}]}<\/script>\n<!-- \/ Yoast SEO plugin. -->","yoast_head_json":{"title":"\u043a\u043e\u043d\u0442\u0430\u043a\u0442 - Bianca Boya","robots":{"index":"index","follow":"follow","max-snippet":"max-snippet:-1","max-image-preview":"max-image-preview:large","max-video-preview":"max-video-preview:-1"},"canonical":"https:\/\/bianca.com.tr\/ru\/contact\/","og_locale":"ru_RU","og_type":"article","og_title":"\u043a\u043e\u043d\u0442\u0430\u043a\u0442 - Bianca Boya","og_description":"ORK\u0130M ORTAKLAR BOYA SANAY\u0130 VE PAZ. A.\u015e. A: Karaa\u011fa\u00e7 Mah. Had\u0131mk\u00f6y \u0130stanbul Cad. No:36 B\u00fcy\u00fck\u00e7ekmece \u2013 \u0130stanbul T: +90 (212) 858 16 00 (pbx) F: +90 (212) 858 04 08 E: export@biancaboya.com \u0424\u041e\u0420\u041c\u0410 \u041e\u0411\u0420\u0410\u0422\u041d\u041e\u0419 \u0421\u0412\u042f\u0417\u0418","og_url":"https:\/\/bianca.com.tr\/ru\/contact\/","og_site_name":"Bianca Boya","article_modified_time":"2020-05-30T15:56:48+00:00","twitter_card":"summary_large_image","schema":{"@context":"https:\/\/schema.org","@graph":[{"@type":"WebPage","@id":"https:\/\/bianca.com.tr\/ru\/contact\/","url":"https:\/\/bianca.com.tr\/ru\/contact\/","name":"\u043a\u043e\u043d\u0442\u0430\u043a\u0442 - Bianca Boya","isPartOf":{"@id":"https:\/\/bianca.com.tr\/ru\/#website"},"datePublished":"2017-09-13T15:46:19+00:00","dateModified":"2020-05-30T15:56:48+00:00","breadcrumb":{"@id":"https:\/\/bianca.com.tr\/ru\/contact\/#breadcrumb"},"inLanguage":"ru-RU","potentialAction":[{"@type":"ReadAction","target":["https:\/\/bianca.com.tr\/ru\/contact\/"]}]},{"@type":"BreadcrumbList","@id":"https:\/\/bianca.com.tr\/ru\/contact\/#breadcrumb","itemListElement":[{"@type":"ListItem","position":1,"name":"\u0413\u043b\u0430\u0432\u043d\u0430\u044f \u0441\u0442\u0440\u0430\u043d\u0438\u0446\u0430","item":"https:\/\/bianca.com.tr\/ru\/"},{"@type":"ListItem","position":2,"name":"\u043a\u043e\u043d\u0442\u0430\u043a\u0442"}]},{"@type":"WebSite","@id":"https:\/\/bianca.com.tr\/ru\/#website","url":"https:\/\/bianca.com.tr\/ru\/","name":"Bianca Boya","description":"","potentialAction":[{"@type":"SearchAction","target":{"@type":"EntryPoint","urlTemplate":"https:\/\/bianca.com.tr\/ru\/?s={search_term_string}"},"query-input":{"@type":"PropertyValueSpecification","valueRequired":true,"valueName":"search_term_string"}}],"inLanguage":"ru-RU"}]}},"_links":{"self":[{"href":"https:\/\/bianca.com.tr\/ru\/wp-json\/wp\/v2\/pages\/11","targetHints":{"allow":["GET"]}}],"collection":[{"href":"https:\/\/bianca.com.tr\/ru\/wp-json\/wp\/v2\/pages"}],"about":[{"href":"https:\/\/bianca.com.tr\/ru\/wp-json\/wp\/v2\/types\/page"}],"author":[{"embeddable":true,"href":"https:\/\/bianca.com.tr\/ru\/wp-json\/wp\/v2\/users\/1"}],"replies":[{"embeddable":true,"href":"https:\/\/bianca.com.tr\/ru\/wp-json\/wp\/v2\/comments?post=11"}],"version-history":[{"count":2,"href":"https:\/\/bianca.com.tr\/ru\/wp-json\/wp\/v2\/pages\/11\/revisions"}],"predecessor-version":[{"id":3932,"href":"https:\/\/bianca.com.tr\/ru\/wp-json\/wp\/v2\/pages\/11\/revisions\/3932"}],"wp:attachment":[{"href":"https:\/\/bianca.com.tr\/ru\/wp-json\/wp\/v2\/media?parent=11"}],"curies":[{"name":"wp","href":"https:\/\/api.w.org\/{rel}","templated":true}]}}