{"id":5307,"date":"2022-01-30T18:55:36","date_gmt":"2022-01-30T15:55:36","guid":{"rendered":"https:\/\/bianca.com.tr\/en\/?post_type=product&#038;p=5307"},"modified":"2022-01-31T14:14:01","modified_gmt":"2022-01-31T11:14:01","slug":"wood-impregnation","status":"publish","type":"product","link":"https:\/\/bianca.com.tr\/en\/urun\/wood-impregnation\/","title":{"rendered":"Wood Impregnation"},"content":{"rendered":"<p><b>AREAS OF USE<br \/>\n<\/b>It is used for impregnation of wood that is exposed to intense moisture. It is used in wooden houses, windows, balconies, exterior doors, wooden fences and electric poles, paneling, wood of damp basements and similar places.<\/p>\n<p>&nbsp;<\/p>\n<p><strong>SPECIFICATION<br \/>\n<\/strong>\u2022 Ready to use, easy and fast to apply.<br \/>\n\u2022 It is odorless and can be used safely indoors.<br \/>\n\u2022 Ready to use, easy and fast to apply.<br \/>\n\u2022 It is odorless and can be used safely indoors.<br \/>\n\u2022 It has high adhesion strength.<br \/>\n\u2022 It is applied before cement and gypsum based coatings, preventing rapid water loss of the mortar.<br \/>\n\u2022 It has high resistance to moisture.<br \/>\n\u2022 It has high water impermeability feature thanks to the special polymers it contains.<\/p>\n<p>&nbsp;<\/p>\n<p><strong>APPLICATION<br \/>\n<\/strong>\u2022 The application surface should be solid, free from all kinds of dirt, oil, dust and frost, and be clean and dry.<br \/>\n\u2022 Loose and weak parts on the surface, grout of cement, ponded water, coatings, etc. must be free of foreign matter and other contaminants.<br \/>\n\u2022 The surface should be cleaned and conditioned with high pressure water or abrasive equipment.<br \/>\n\u2022 Mix with a low-speed mixer for at least 3 minutes in a clean container or in its own package, free of all substances preventing adhesion. Do not add foreign material.<br \/>\n\u2022 It can be applied in two layers by brush, roller and dipping method. Preliminary testing is recommended for different applications. If a few layers will be applied, a minimum of 4 hours should be waited between layers.<br \/>\n\u2022 It cannot be used alone as a waterproofing material.<br \/>\n\u2022 The moisture content of the wood to be applied should not exceed 15%.<\/p>\n","protected":false},"excerpt":{"rendered":"<p>It is a water-based impregnated material that does not form a film on the surface and protects the wood against fungi.<\/p>\n<ul class=\"butonlar tekli\">\n<li><a href=\"https:\/\/bianca.com.tr\/en\/wp-content\/uploads\/2020\/08\/TDS.SU_.083-pas-d\u00f6n\u00fc\u015ft\u00fcr\u00fcc\u00fc-astar_PD20_tds_ing.pdf\" target=\"_blank\" rel=\"noopener noreferrer\">TDS<\/a><\/li>\n<\/ul>\n","protected":false},"featured_media":5300,"template":"","meta":[],"product_brand":[],"product_cat":[35,79,137],"product_tag":[],"class_list":{"0":"post-5307","1":"product","2":"type-product","3":"status-publish","4":"has-post-thumbnail","6":"product_cat-construction-and-industrial-paints","7":"product_cat-primers","8":"product_cat-water-based-primers","10":"first","11":"instock","12":"shipping-taxable","13":"product-type-simple"},"yoast_head":"<!-- This site is optimized with the Yoast SEO plugin v26.4 - https:\/\/yoast.com\/wordpress\/plugins\/seo\/ -->\n<title>Wood Impregnation - Bianca Boya<\/title>\n<meta name=\"robots\" content=\"index, follow, max-snippet:-1, max-image-preview:large, max-video-preview:-1\" \/>\n<link rel=\"canonical\" href=\"https:\/\/bianca.com.tr\/en\/urun\/wood-impregnation\/\" \/>\n<meta property=\"og:locale\" content=\"en_US\" \/>\n<meta property=\"og:type\" content=\"article\" \/>\n<meta property=\"og:title\" content=\"Wood Impregnation - Bianca Boya\" \/>\n<meta property=\"og:description\" content=\"It is a water-based impregnated material that does not form a film on the surface and protects the wood against fungi.   TDS\" \/>\n<meta property=\"og:url\" content=\"https:\/\/bianca.com.tr\/en\/urun\/wood-impregnation\/\" \/>\n<meta property=\"og:site_name\" content=\"Bianca Boya\" \/>\n<meta property=\"article:modified_time\" content=\"2022-01-31T11:14:01+00:00\" \/>\n<meta property=\"og:image\" content=\"https:\/\/bianca.com.tr\/en\/wp-content\/uploads\/2021\/12\/ahsap-emperenye.png\" \/>\n\t<meta property=\"og:image:width\" content=\"675\" \/>\n\t<meta property=\"og:image:height\" content=\"600\" \/>\n\t<meta property=\"og:image:type\" content=\"image\/png\" \/>\n<meta name=\"twitter:card\" content=\"summary_large_image\" \/>\n<meta name=\"twitter:label1\" content=\"Est. reading time\" \/>\n\t<meta name=\"twitter:data1\" content=\"2 minutes\" \/>\n<script type=\"application\/ld+json\" class=\"yoast-schema-graph\">{\"@context\":\"https:\/\/schema.org\",\"@graph\":[{\"@type\":\"WebPage\",\"@id\":\"https:\/\/bianca.com.tr\/en\/urun\/wood-impregnation\/\",\"url\":\"https:\/\/bianca.com.tr\/en\/urun\/wood-impregnation\/\",\"name\":\"Wood Impregnation - Bianca Boya\",\"isPartOf\":{\"@id\":\"https:\/\/bianca.com.tr\/en\/#website\"},\"primaryImageOfPage\":{\"@id\":\"https:\/\/bianca.com.tr\/en\/urun\/wood-impregnation\/#primaryimage\"},\"image\":{\"@id\":\"https:\/\/bianca.com.tr\/en\/urun\/wood-impregnation\/#primaryimage\"},\"thumbnailUrl\":\"https:\/\/bianca.com.tr\/en\/wp-content\/uploads\/2021\/12\/ahsap-emperenye.png\",\"datePublished\":\"2022-01-30T15:55:36+00:00\",\"dateModified\":\"2022-01-31T11:14:01+00:00\",\"breadcrumb\":{\"@id\":\"https:\/\/bianca.com.tr\/en\/urun\/wood-impregnation\/#breadcrumb\"},\"inLanguage\":\"en-US\",\"potentialAction\":[{\"@type\":\"ReadAction\",\"target\":[\"https:\/\/bianca.com.tr\/en\/urun\/wood-impregnation\/\"]}]},{\"@type\":\"ImageObject\",\"inLanguage\":\"en-US\",\"@id\":\"https:\/\/bianca.com.tr\/en\/urun\/wood-impregnation\/#primaryimage\",\"url\":\"https:\/\/bianca.com.tr\/en\/wp-content\/uploads\/2021\/12\/ahsap-emperenye.png\",\"contentUrl\":\"https:\/\/bianca.com.tr\/en\/wp-content\/uploads\/2021\/12\/ahsap-emperenye.png\",\"width\":675,\"height\":600},{\"@type\":\"BreadcrumbList\",\"@id\":\"https:\/\/bianca.com.tr\/en\/urun\/wood-impregnation\/#breadcrumb\",\"itemListElement\":[{\"@type\":\"ListItem\",\"position\":1,\"name\":\"Home\",\"item\":\"https:\/\/bianca.com.tr\/en\/\"},{\"@type\":\"ListItem\",\"position\":2,\"name\":\"Ma\u011faza\",\"item\":\"https:\/\/bianca.com.tr\/en\/magaza\/\"},{\"@type\":\"ListItem\",\"position\":3,\"name\":\"Wood Impregnation\"}]},{\"@type\":\"WebSite\",\"@id\":\"https:\/\/bianca.com.tr\/en\/#website\",\"url\":\"https:\/\/bianca.com.tr\/en\/\",\"name\":\"Bianca Boya\",\"description\":\"Decorative Building System\",\"potentialAction\":[{\"@type\":\"SearchAction\",\"target\":{\"@type\":\"EntryPoint\",\"urlTemplate\":\"https:\/\/bianca.com.tr\/en\/?s={search_term_string}\"},\"query-input\":{\"@type\":\"PropertyValueSpecification\",\"valueRequired\":true,\"valueName\":\"search_term_string\"}}],\"inLanguage\":\"en-US\"}]}<\/script>\n<!-- \/ Yoast SEO plugin. -->","yoast_head_json":{"title":"Wood Impregnation - Bianca Boya","robots":{"index":"index","follow":"follow","max-snippet":"max-snippet:-1","max-image-preview":"max-image-preview:large","max-video-preview":"max-video-preview:-1"},"canonical":"https:\/\/bianca.com.tr\/en\/urun\/wood-impregnation\/","og_locale":"en_US","og_type":"article","og_title":"Wood Impregnation - Bianca Boya","og_description":"It is a water-based impregnated material that does not form a film on the surface and protects the wood against fungi.   TDS","og_url":"https:\/\/bianca.com.tr\/en\/urun\/wood-impregnation\/","og_site_name":"Bianca Boya","article_modified_time":"2022-01-31T11:14:01+00:00","og_image":[{"width":675,"height":600,"url":"https:\/\/bianca.com.tr\/en\/wp-content\/uploads\/2021\/12\/ahsap-emperenye.png","type":"image\/png"}],"twitter_card":"summary_large_image","twitter_misc":{"Est. reading time":"2 minutes"},"schema":{"@context":"https:\/\/schema.org","@graph":[{"@type":"WebPage","@id":"https:\/\/bianca.com.tr\/en\/urun\/wood-impregnation\/","url":"https:\/\/bianca.com.tr\/en\/urun\/wood-impregnation\/","name":"Wood Impregnation - Bianca Boya","isPartOf":{"@id":"https:\/\/bianca.com.tr\/en\/#website"},"primaryImageOfPage":{"@id":"https:\/\/bianca.com.tr\/en\/urun\/wood-impregnation\/#primaryimage"},"image":{"@id":"https:\/\/bianca.com.tr\/en\/urun\/wood-impregnation\/#primaryimage"},"thumbnailUrl":"https:\/\/bianca.com.tr\/en\/wp-content\/uploads\/2021\/12\/ahsap-emperenye.png","datePublished":"2022-01-30T15:55:36+00:00","dateModified":"2022-01-31T11:14:01+00:00","breadcrumb":{"@id":"https:\/\/bianca.com.tr\/en\/urun\/wood-impregnation\/#breadcrumb"},"inLanguage":"en-US","potentialAction":[{"@type":"ReadAction","target":["https:\/\/bianca.com.tr\/en\/urun\/wood-impregnation\/"]}]},{"@type":"ImageObject","inLanguage":"en-US","@id":"https:\/\/bianca.com.tr\/en\/urun\/wood-impregnation\/#primaryimage","url":"https:\/\/bianca.com.tr\/en\/wp-content\/uploads\/2021\/12\/ahsap-emperenye.png","contentUrl":"https:\/\/bianca.com.tr\/en\/wp-content\/uploads\/2021\/12\/ahsap-emperenye.png","width":675,"height":600},{"@type":"BreadcrumbList","@id":"https:\/\/bianca.com.tr\/en\/urun\/wood-impregnation\/#breadcrumb","itemListElement":[{"@type":"ListItem","position":1,"name":"Home","item":"https:\/\/bianca.com.tr\/en\/"},{"@type":"ListItem","position":2,"name":"Ma\u011faza","item":"https:\/\/bianca.com.tr\/en\/magaza\/"},{"@type":"ListItem","position":3,"name":"Wood Impregnation"}]},{"@type":"WebSite","@id":"https:\/\/bianca.com.tr\/en\/#website","url":"https:\/\/bianca.com.tr\/en\/","name":"Bianca Boya","description":"Decorative Building System","potentialAction":[{"@type":"SearchAction","target":{"@type":"EntryPoint","urlTemplate":"https:\/\/bianca.com.tr\/en\/?s={search_term_string}"},"query-input":{"@type":"PropertyValueSpecification","valueRequired":true,"valueName":"search_term_string"}}],"inLanguage":"en-US"}]}},"_links":{"self":[{"href":"https:\/\/bianca.com.tr\/en\/wp-json\/wp\/v2\/product\/5307","targetHints":{"allow":["GET"]}}],"collection":[{"href":"https:\/\/bianca.com.tr\/en\/wp-json\/wp\/v2\/product"}],"about":[{"href":"https:\/\/bianca.com.tr\/en\/wp-json\/wp\/v2\/types\/product"}],"wp:featuredmedia":[{"embeddable":true,"href":"https:\/\/bianca.com.tr\/en\/wp-json\/wp\/v2\/media\/5300"}],"wp:attachment":[{"href":"https:\/\/bianca.com.tr\/en\/wp-json\/wp\/v2\/media?parent=5307"}],"wp:term":[{"taxonomy":"product_brand","embeddable":true,"href":"https:\/\/bianca.com.tr\/en\/wp-json\/wp\/v2\/product_brand?post=5307"},{"taxonomy":"product_cat","embeddable":true,"href":"https:\/\/bianca.com.tr\/en\/wp-json\/wp\/v2\/product_cat?post=5307"},{"taxonomy":"product_tag","embeddable":true,"href":"https:\/\/bianca.com.tr\/en\/wp-json\/wp\/v2\/product_tag?post=5307"}],"curies":[{"name":"wp","href":"https:\/\/api.w.org\/{rel}","templated":true}]}}