{"id":5157,"date":"2022-01-30T17:20:30","date_gmt":"2022-01-30T14:20:30","guid":{"rendered":"https:\/\/bianca.com.tr\/en\/?post_type=product&#038;p=5157"},"modified":"2022-01-31T14:25:29","modified_gmt":"2022-01-31T11:25:29","slug":"esterno-uv-exterior-wood-varnish","status":"publish","type":"product","link":"https:\/\/bianca.com.tr\/en\/urun\/esterno-uv-exterior-wood-varnish\/","title":{"rendered":"Esterno UV &#8211; Exterior Wood Varnish"},"content":{"rendered":"<p><b>AREAS OF USE<br \/>\n<\/b>It is used on wooden surfaces in interior and exterior environments, door and window frames, pergolas, wooden garden furniture, marine vehicles, furniture elements that require protection of natural appearance and wood works.<\/p>\n<p>&nbsp;<\/p>\n<p><strong>SPECIFICATION<\/strong><br \/>\n\u2022 Protects against pest and fungus that damage wood.<br \/>\n\u2022 Constructive wood preservation methods reduce the risk of decay.<br \/>\n\u2022 Due to its higher solids content, it prevents gnawing from wasps.<br \/>\n\u2022 Abrasive U.V. resistant to sunlight.<br \/>\n\u2022 Dries in a short time. Nem ayarlay\u0131c\u0131 \u00f6zelliktedir.<br \/>\n\u2022 Populates in depth.<br \/>\n\u2022 No crusting, no shedding.<br \/>\n\u2022 Can be applied without sanding.<br \/>\n\u2022 Easy to apply.<br \/>\n\u2022 Provides decorative appearance to wood.<br \/>\n\u2022 3-in-1: Can be used as pre-preservation, primer and topcoat.<\/p>\n<p>&nbsp;<\/p>\n<p><strong>APPLICATION<br \/>\n<\/strong>Old painted surfaces should be completely cleaned. Impurities such as resin, sanding dust on the wooden surfaces to be painted should be removed. Application should be done with brush or roller in 2 or 3 coats. Wait 24 hours between layers. Surface and ambient temperature should be between + 5\u00baC and + 30\u00ba C during application.<\/p>\n","protected":false},"excerpt":{"rendered":"<p>Pre-protected (impregnated) solvent based, silky matt special wood varnish for exterior wood.<\/p>\n<ul class=\"butonlar tekli\">\n<li><a href=\"https:\/\/bianca.com.tr\/en\/wp-content\/uploads\/2020\/08\/TDS.SL_.050-esterno-UV-d\u0131\u015f-cephe-ah\u015fap-verni\u011fi_tds_ing.pdf\" target=\"_blank\" rel=\"noopener noreferrer\">TDS<\/a><\/li>\n<\/ul>\n","protected":false},"featured_media":5159,"template":"","meta":[],"product_brand":[],"product_cat":[35,68,142],"product_tag":[],"class_list":{"0":"post-5157","1":"product","2":"type-product","3":"status-publish","4":"has-post-thumbnail","6":"product_cat-construction-and-industrial-paints","7":"product_cat-varnishes-and-protectors","8":"product_cat-varnishes","10":"first","11":"instock","12":"shipping-taxable","13":"product-type-simple"},"yoast_head":"<!-- This site is optimized with the Yoast SEO plugin v26.4 - https:\/\/yoast.com\/wordpress\/plugins\/seo\/ -->\n<title>Esterno UV - Exterior Wood Varnish - Bianca Boya<\/title>\n<meta name=\"robots\" content=\"index, follow, max-snippet:-1, max-image-preview:large, max-video-preview:-1\" \/>\n<link rel=\"canonical\" href=\"https:\/\/bianca.com.tr\/en\/urun\/esterno-uv-exterior-wood-varnish\/\" \/>\n<meta property=\"og:locale\" content=\"en_US\" \/>\n<meta property=\"og:type\" content=\"article\" \/>\n<meta property=\"og:title\" content=\"Esterno UV - Exterior Wood Varnish - Bianca Boya\" \/>\n<meta property=\"og:description\" content=\"Pre-protected (impregnated) solvent based, silky matt special wood varnish for exterior wood.   TDS\" \/>\n<meta property=\"og:url\" content=\"https:\/\/bianca.com.tr\/en\/urun\/esterno-uv-exterior-wood-varnish\/\" \/>\n<meta property=\"og:site_name\" content=\"Bianca Boya\" \/>\n<meta property=\"article:modified_time\" content=\"2022-01-31T11:25:29+00:00\" \/>\n<meta property=\"og:image\" content=\"https:\/\/bianca.com.tr\/en\/wp-content\/uploads\/2020\/08\/esterno.png\" \/>\n\t<meta property=\"og:image:width\" content=\"675\" \/>\n\t<meta property=\"og:image:height\" content=\"600\" \/>\n\t<meta property=\"og:image:type\" content=\"image\/png\" \/>\n<meta name=\"twitter:card\" content=\"summary_large_image\" \/>\n<meta name=\"twitter:label1\" content=\"Est. reading time\" \/>\n\t<meta name=\"twitter:data1\" content=\"1 minute\" \/>\n<script type=\"application\/ld+json\" class=\"yoast-schema-graph\">{\"@context\":\"https:\/\/schema.org\",\"@graph\":[{\"@type\":\"WebPage\",\"@id\":\"https:\/\/bianca.com.tr\/en\/urun\/esterno-uv-exterior-wood-varnish\/\",\"url\":\"https:\/\/bianca.com.tr\/en\/urun\/esterno-uv-exterior-wood-varnish\/\",\"name\":\"Esterno UV - Exterior Wood Varnish - Bianca Boya\",\"isPartOf\":{\"@id\":\"https:\/\/bianca.com.tr\/en\/#website\"},\"primaryImageOfPage\":{\"@id\":\"https:\/\/bianca.com.tr\/en\/urun\/esterno-uv-exterior-wood-varnish\/#primaryimage\"},\"image\":{\"@id\":\"https:\/\/bianca.com.tr\/en\/urun\/esterno-uv-exterior-wood-varnish\/#primaryimage\"},\"thumbnailUrl\":\"https:\/\/bianca.com.tr\/en\/wp-content\/uploads\/2020\/08\/esterno.png\",\"datePublished\":\"2022-01-30T14:20:30+00:00\",\"dateModified\":\"2022-01-31T11:25:29+00:00\",\"breadcrumb\":{\"@id\":\"https:\/\/bianca.com.tr\/en\/urun\/esterno-uv-exterior-wood-varnish\/#breadcrumb\"},\"inLanguage\":\"en-US\",\"potentialAction\":[{\"@type\":\"ReadAction\",\"target\":[\"https:\/\/bianca.com.tr\/en\/urun\/esterno-uv-exterior-wood-varnish\/\"]}]},{\"@type\":\"ImageObject\",\"inLanguage\":\"en-US\",\"@id\":\"https:\/\/bianca.com.tr\/en\/urun\/esterno-uv-exterior-wood-varnish\/#primaryimage\",\"url\":\"https:\/\/bianca.com.tr\/en\/wp-content\/uploads\/2020\/08\/esterno.png\",\"contentUrl\":\"https:\/\/bianca.com.tr\/en\/wp-content\/uploads\/2020\/08\/esterno.png\",\"width\":675,\"height\":600},{\"@type\":\"BreadcrumbList\",\"@id\":\"https:\/\/bianca.com.tr\/en\/urun\/esterno-uv-exterior-wood-varnish\/#breadcrumb\",\"itemListElement\":[{\"@type\":\"ListItem\",\"position\":1,\"name\":\"Home\",\"item\":\"https:\/\/bianca.com.tr\/en\/\"},{\"@type\":\"ListItem\",\"position\":2,\"name\":\"Ma\u011faza\",\"item\":\"https:\/\/bianca.com.tr\/en\/magaza\/\"},{\"@type\":\"ListItem\",\"position\":3,\"name\":\"Esterno UV &#8211; Exterior Wood Varnish\"}]},{\"@type\":\"WebSite\",\"@id\":\"https:\/\/bianca.com.tr\/en\/#website\",\"url\":\"https:\/\/bianca.com.tr\/en\/\",\"name\":\"Bianca Boya\",\"description\":\"Decorative Building System\",\"potentialAction\":[{\"@type\":\"SearchAction\",\"target\":{\"@type\":\"EntryPoint\",\"urlTemplate\":\"https:\/\/bianca.com.tr\/en\/?s={search_term_string}\"},\"query-input\":{\"@type\":\"PropertyValueSpecification\",\"valueRequired\":true,\"valueName\":\"search_term_string\"}}],\"inLanguage\":\"en-US\"}]}<\/script>\n<!-- \/ Yoast SEO plugin. -->","yoast_head_json":{"title":"Esterno UV - Exterior Wood Varnish - Bianca Boya","robots":{"index":"index","follow":"follow","max-snippet":"max-snippet:-1","max-image-preview":"max-image-preview:large","max-video-preview":"max-video-preview:-1"},"canonical":"https:\/\/bianca.com.tr\/en\/urun\/esterno-uv-exterior-wood-varnish\/","og_locale":"en_US","og_type":"article","og_title":"Esterno UV - Exterior Wood Varnish - Bianca Boya","og_description":"Pre-protected (impregnated) solvent based, silky matt special wood varnish for exterior wood.   TDS","og_url":"https:\/\/bianca.com.tr\/en\/urun\/esterno-uv-exterior-wood-varnish\/","og_site_name":"Bianca Boya","article_modified_time":"2022-01-31T11:25:29+00:00","og_image":[{"width":675,"height":600,"url":"https:\/\/bianca.com.tr\/en\/wp-content\/uploads\/2020\/08\/esterno.png","type":"image\/png"}],"twitter_card":"summary_large_image","twitter_misc":{"Est. reading time":"1 minute"},"schema":{"@context":"https:\/\/schema.org","@graph":[{"@type":"WebPage","@id":"https:\/\/bianca.com.tr\/en\/urun\/esterno-uv-exterior-wood-varnish\/","url":"https:\/\/bianca.com.tr\/en\/urun\/esterno-uv-exterior-wood-varnish\/","name":"Esterno UV - Exterior Wood Varnish - Bianca Boya","isPartOf":{"@id":"https:\/\/bianca.com.tr\/en\/#website"},"primaryImageOfPage":{"@id":"https:\/\/bianca.com.tr\/en\/urun\/esterno-uv-exterior-wood-varnish\/#primaryimage"},"image":{"@id":"https:\/\/bianca.com.tr\/en\/urun\/esterno-uv-exterior-wood-varnish\/#primaryimage"},"thumbnailUrl":"https:\/\/bianca.com.tr\/en\/wp-content\/uploads\/2020\/08\/esterno.png","datePublished":"2022-01-30T14:20:30+00:00","dateModified":"2022-01-31T11:25:29+00:00","breadcrumb":{"@id":"https:\/\/bianca.com.tr\/en\/urun\/esterno-uv-exterior-wood-varnish\/#breadcrumb"},"inLanguage":"en-US","potentialAction":[{"@type":"ReadAction","target":["https:\/\/bianca.com.tr\/en\/urun\/esterno-uv-exterior-wood-varnish\/"]}]},{"@type":"ImageObject","inLanguage":"en-US","@id":"https:\/\/bianca.com.tr\/en\/urun\/esterno-uv-exterior-wood-varnish\/#primaryimage","url":"https:\/\/bianca.com.tr\/en\/wp-content\/uploads\/2020\/08\/esterno.png","contentUrl":"https:\/\/bianca.com.tr\/en\/wp-content\/uploads\/2020\/08\/esterno.png","width":675,"height":600},{"@type":"BreadcrumbList","@id":"https:\/\/bianca.com.tr\/en\/urun\/esterno-uv-exterior-wood-varnish\/#breadcrumb","itemListElement":[{"@type":"ListItem","position":1,"name":"Home","item":"https:\/\/bianca.com.tr\/en\/"},{"@type":"ListItem","position":2,"name":"Ma\u011faza","item":"https:\/\/bianca.com.tr\/en\/magaza\/"},{"@type":"ListItem","position":3,"name":"Esterno UV &#8211; Exterior Wood Varnish"}]},{"@type":"WebSite","@id":"https:\/\/bianca.com.tr\/en\/#website","url":"https:\/\/bianca.com.tr\/en\/","name":"Bianca Boya","description":"Decorative Building System","potentialAction":[{"@type":"SearchAction","target":{"@type":"EntryPoint","urlTemplate":"https:\/\/bianca.com.tr\/en\/?s={search_term_string}"},"query-input":{"@type":"PropertyValueSpecification","valueRequired":true,"valueName":"search_term_string"}}],"inLanguage":"en-US"}]}},"_links":{"self":[{"href":"https:\/\/bianca.com.tr\/en\/wp-json\/wp\/v2\/product\/5157","targetHints":{"allow":["GET"]}}],"collection":[{"href":"https:\/\/bianca.com.tr\/en\/wp-json\/wp\/v2\/product"}],"about":[{"href":"https:\/\/bianca.com.tr\/en\/wp-json\/wp\/v2\/types\/product"}],"wp:featuredmedia":[{"embeddable":true,"href":"https:\/\/bianca.com.tr\/en\/wp-json\/wp\/v2\/media\/5159"}],"wp:attachment":[{"href":"https:\/\/bianca.com.tr\/en\/wp-json\/wp\/v2\/media?parent=5157"}],"wp:term":[{"taxonomy":"product_brand","embeddable":true,"href":"https:\/\/bianca.com.tr\/en\/wp-json\/wp\/v2\/product_brand?post=5157"},{"taxonomy":"product_cat","embeddable":true,"href":"https:\/\/bianca.com.tr\/en\/wp-json\/wp\/v2\/product_cat?post=5157"},{"taxonomy":"product_tag","embeddable":true,"href":"https:\/\/bianca.com.tr\/en\/wp-json\/wp\/v2\/product_tag?post=5157"}],"curies":[{"name":"wp","href":"https:\/\/api.w.org\/{rel}","templated":true}]}}