{"id":2695,"date":"2022-01-29T13:10:01","date_gmt":"2022-01-29T10:10:01","guid":{"rendered":"http:\/\/bianca.com.tr\/?post_type=product&#038;p=2695"},"modified":"2022-02-04T10:52:46","modified_gmt":"2022-02-04T07:52:46","slug":"bia-fix-gb-25-gaz-beton-yapistirma-harci","status":"publish","type":"product","link":"https:\/\/bianca.com.tr\/en\/urun\/bia-fix-gb-25-gaz-beton-yapistirma-harci\/","title":{"rendered":"Bia-Fix GB-25 Gas-Concrete Adhesive Mortar"},"content":{"rendered":"<p>It is a cement-based adhesive mortar with reduced slip, easily prepared and applied, used in bonding tiles and ceramics.<\/p>\n<p>&nbsp;<\/p>\n<p><b>AREAS OF USE<\/b><br \/>\nIt is used in the construction of gas-concrete walls on interior and exterior facade.<\/p>\n<p>&nbsp;<\/p>\n<p><b>SPECIFICATION<br \/>\n<\/b>\u2022 Its adhesive strength is high,<br \/>\n\u2022 Water vapor permeable<br \/>\n\u2022 Easy to prepare and apply,<br \/>\n\u2022 Does not burn.<br \/>\n\u2022 Resistant to water, frost, humidity and severe weather conditions,<\/p>\n<p>&nbsp;<\/p>\n<p><strong><b>APPLICATION<br \/>\n<\/b><\/strong>\u2022\u00a0 Slowly pour 25 kg of Bia-Fix Gas-Concrete Adhesive Mortar into 7 liters of water in the mixing container and mix it with a preferably low speed mixer until there is no lump.<br \/>\n\u2022\u00a0 After the prepared material is rested for 10 minutes, it should be mixed for 1-2 more minutes and the application should be started.<br \/>\n\u2022\u00a0 Adhesive mortar is applied on horizontal and vertical surfaces with a notched trowel. The placed gas-concrete is fitted by ramming it from the top and from the side.<br \/>\n\u2022\u00a0 During the knitting process, the combination of columns and curtains with gas-concrete blocks should be provided with Bia-Fix Gas-Concrete Adhesive Mortar.<br \/>\n\u2022\u00a0 Application should not be made under direct sunlight, rain and strong winds.<br \/>\n\u2022\u00a0 The prepared mortar must be consumed within 3 hours.<\/p>\n","protected":false},"excerpt":{"rendered":"<p><strong>Cement Based, Single Component, Gas-Concrete Masonry Mortar<\/strong><\/p>\n<ul class=\"butonlar tekli\">\n<li><a href=\"https:\/\/bianca.com.tr\/en\/wp-content\/uploads\/2020\/08\/bia-fix_gaz-beton-yap\u0131\u015ft\u0131rma_tds_ing.pdf\" target=\"_blank\" rel=\"noopener noreferrer\">TDS<\/a><\/li>\n<\/ul>\n","protected":false},"featured_media":5065,"template":"","meta":[],"product_brand":[],"product_cat":[84,91],"product_tag":[],"class_list":{"0":"post-2695","1":"product","2":"type-product","3":"status-publish","4":"has-post-thumbnail","6":"product_cat-construction-chemicals","7":"product_cat-adhesive-products","9":"first","10":"instock","11":"shipping-taxable","12":"product-type-simple"},"yoast_head":"<!-- This site is optimized with the Yoast SEO plugin v26.4 - https:\/\/yoast.com\/wordpress\/plugins\/seo\/ -->\n<title>Bia-Fix GB-25 Gas-Concrete Adhesive Mortar - Bianca Boya<\/title>\n<meta name=\"robots\" content=\"index, follow, max-snippet:-1, max-image-preview:large, max-video-preview:-1\" \/>\n<link rel=\"canonical\" href=\"https:\/\/bianca.com.tr\/en\/urun\/bia-fix-gb-25-gaz-beton-yapistirma-harci\/\" \/>\n<meta property=\"og:locale\" content=\"en_US\" \/>\n<meta property=\"og:type\" content=\"article\" \/>\n<meta property=\"og:title\" content=\"Bia-Fix GB-25 Gas-Concrete Adhesive Mortar - Bianca Boya\" \/>\n<meta property=\"og:description\" content=\"Cement Based, Single Component, Gas-Concrete Masonry Mortar   TDS\" \/>\n<meta property=\"og:url\" content=\"https:\/\/bianca.com.tr\/en\/urun\/bia-fix-gb-25-gaz-beton-yapistirma-harci\/\" \/>\n<meta property=\"og:site_name\" content=\"Bianca Boya\" \/>\n<meta property=\"article:modified_time\" content=\"2022-02-04T07:52:46+00:00\" \/>\n<meta property=\"og:image\" content=\"https:\/\/bianca.com.tr\/en\/wp-content\/uploads\/2018\/12\/bia-fix-GB-25.png\" \/>\n\t<meta property=\"og:image:width\" content=\"675\" \/>\n\t<meta property=\"og:image:height\" content=\"600\" \/>\n\t<meta property=\"og:image:type\" content=\"image\/png\" \/>\n<meta name=\"twitter:card\" content=\"summary_large_image\" \/>\n<meta name=\"twitter:label1\" content=\"Est. reading time\" \/>\n\t<meta name=\"twitter:data1\" content=\"1 minute\" \/>\n<script type=\"application\/ld+json\" class=\"yoast-schema-graph\">{\"@context\":\"https:\/\/schema.org\",\"@graph\":[{\"@type\":\"WebPage\",\"@id\":\"https:\/\/bianca.com.tr\/en\/urun\/bia-fix-gb-25-gaz-beton-yapistirma-harci\/\",\"url\":\"https:\/\/bianca.com.tr\/en\/urun\/bia-fix-gb-25-gaz-beton-yapistirma-harci\/\",\"name\":\"Bia-Fix GB-25 Gas-Concrete Adhesive Mortar - Bianca Boya\",\"isPartOf\":{\"@id\":\"https:\/\/bianca.com.tr\/en\/#website\"},\"primaryImageOfPage\":{\"@id\":\"https:\/\/bianca.com.tr\/en\/urun\/bia-fix-gb-25-gaz-beton-yapistirma-harci\/#primaryimage\"},\"image\":{\"@id\":\"https:\/\/bianca.com.tr\/en\/urun\/bia-fix-gb-25-gaz-beton-yapistirma-harci\/#primaryimage\"},\"thumbnailUrl\":\"https:\/\/bianca.com.tr\/en\/wp-content\/uploads\/2018\/12\/bia-fix-GB-25.png\",\"datePublished\":\"2022-01-29T10:10:01+00:00\",\"dateModified\":\"2022-02-04T07:52:46+00:00\",\"breadcrumb\":{\"@id\":\"https:\/\/bianca.com.tr\/en\/urun\/bia-fix-gb-25-gaz-beton-yapistirma-harci\/#breadcrumb\"},\"inLanguage\":\"en-US\",\"potentialAction\":[{\"@type\":\"ReadAction\",\"target\":[\"https:\/\/bianca.com.tr\/en\/urun\/bia-fix-gb-25-gaz-beton-yapistirma-harci\/\"]}]},{\"@type\":\"ImageObject\",\"inLanguage\":\"en-US\",\"@id\":\"https:\/\/bianca.com.tr\/en\/urun\/bia-fix-gb-25-gaz-beton-yapistirma-harci\/#primaryimage\",\"url\":\"https:\/\/bianca.com.tr\/en\/wp-content\/uploads\/2018\/12\/bia-fix-GB-25.png\",\"contentUrl\":\"https:\/\/bianca.com.tr\/en\/wp-content\/uploads\/2018\/12\/bia-fix-GB-25.png\",\"width\":675,\"height\":600},{\"@type\":\"BreadcrumbList\",\"@id\":\"https:\/\/bianca.com.tr\/en\/urun\/bia-fix-gb-25-gaz-beton-yapistirma-harci\/#breadcrumb\",\"itemListElement\":[{\"@type\":\"ListItem\",\"position\":1,\"name\":\"Home\",\"item\":\"https:\/\/bianca.com.tr\/en\/\"},{\"@type\":\"ListItem\",\"position\":2,\"name\":\"Ma\u011faza\",\"item\":\"https:\/\/bianca.com.tr\/en\/magaza\/\"},{\"@type\":\"ListItem\",\"position\":3,\"name\":\"Bia-Fix GB-25 Gas-Concrete Adhesive Mortar\"}]},{\"@type\":\"WebSite\",\"@id\":\"https:\/\/bianca.com.tr\/en\/#website\",\"url\":\"https:\/\/bianca.com.tr\/en\/\",\"name\":\"Bianca Boya\",\"description\":\"Decorative Building System\",\"potentialAction\":[{\"@type\":\"SearchAction\",\"target\":{\"@type\":\"EntryPoint\",\"urlTemplate\":\"https:\/\/bianca.com.tr\/en\/?s={search_term_string}\"},\"query-input\":{\"@type\":\"PropertyValueSpecification\",\"valueRequired\":true,\"valueName\":\"search_term_string\"}}],\"inLanguage\":\"en-US\"}]}<\/script>\n<!-- \/ Yoast SEO plugin. -->","yoast_head_json":{"title":"Bia-Fix GB-25 Gas-Concrete Adhesive Mortar - Bianca Boya","robots":{"index":"index","follow":"follow","max-snippet":"max-snippet:-1","max-image-preview":"max-image-preview:large","max-video-preview":"max-video-preview:-1"},"canonical":"https:\/\/bianca.com.tr\/en\/urun\/bia-fix-gb-25-gaz-beton-yapistirma-harci\/","og_locale":"en_US","og_type":"article","og_title":"Bia-Fix GB-25 Gas-Concrete Adhesive Mortar - Bianca Boya","og_description":"Cement Based, Single Component, Gas-Concrete Masonry Mortar   TDS","og_url":"https:\/\/bianca.com.tr\/en\/urun\/bia-fix-gb-25-gaz-beton-yapistirma-harci\/","og_site_name":"Bianca Boya","article_modified_time":"2022-02-04T07:52:46+00:00","og_image":[{"width":675,"height":600,"url":"https:\/\/bianca.com.tr\/en\/wp-content\/uploads\/2018\/12\/bia-fix-GB-25.png","type":"image\/png"}],"twitter_card":"summary_large_image","twitter_misc":{"Est. reading time":"1 minute"},"schema":{"@context":"https:\/\/schema.org","@graph":[{"@type":"WebPage","@id":"https:\/\/bianca.com.tr\/en\/urun\/bia-fix-gb-25-gaz-beton-yapistirma-harci\/","url":"https:\/\/bianca.com.tr\/en\/urun\/bia-fix-gb-25-gaz-beton-yapistirma-harci\/","name":"Bia-Fix GB-25 Gas-Concrete Adhesive Mortar - Bianca Boya","isPartOf":{"@id":"https:\/\/bianca.com.tr\/en\/#website"},"primaryImageOfPage":{"@id":"https:\/\/bianca.com.tr\/en\/urun\/bia-fix-gb-25-gaz-beton-yapistirma-harci\/#primaryimage"},"image":{"@id":"https:\/\/bianca.com.tr\/en\/urun\/bia-fix-gb-25-gaz-beton-yapistirma-harci\/#primaryimage"},"thumbnailUrl":"https:\/\/bianca.com.tr\/en\/wp-content\/uploads\/2018\/12\/bia-fix-GB-25.png","datePublished":"2022-01-29T10:10:01+00:00","dateModified":"2022-02-04T07:52:46+00:00","breadcrumb":{"@id":"https:\/\/bianca.com.tr\/en\/urun\/bia-fix-gb-25-gaz-beton-yapistirma-harci\/#breadcrumb"},"inLanguage":"en-US","potentialAction":[{"@type":"ReadAction","target":["https:\/\/bianca.com.tr\/en\/urun\/bia-fix-gb-25-gaz-beton-yapistirma-harci\/"]}]},{"@type":"ImageObject","inLanguage":"en-US","@id":"https:\/\/bianca.com.tr\/en\/urun\/bia-fix-gb-25-gaz-beton-yapistirma-harci\/#primaryimage","url":"https:\/\/bianca.com.tr\/en\/wp-content\/uploads\/2018\/12\/bia-fix-GB-25.png","contentUrl":"https:\/\/bianca.com.tr\/en\/wp-content\/uploads\/2018\/12\/bia-fix-GB-25.png","width":675,"height":600},{"@type":"BreadcrumbList","@id":"https:\/\/bianca.com.tr\/en\/urun\/bia-fix-gb-25-gaz-beton-yapistirma-harci\/#breadcrumb","itemListElement":[{"@type":"ListItem","position":1,"name":"Home","item":"https:\/\/bianca.com.tr\/en\/"},{"@type":"ListItem","position":2,"name":"Ma\u011faza","item":"https:\/\/bianca.com.tr\/en\/magaza\/"},{"@type":"ListItem","position":3,"name":"Bia-Fix GB-25 Gas-Concrete Adhesive Mortar"}]},{"@type":"WebSite","@id":"https:\/\/bianca.com.tr\/en\/#website","url":"https:\/\/bianca.com.tr\/en\/","name":"Bianca Boya","description":"Decorative Building System","potentialAction":[{"@type":"SearchAction","target":{"@type":"EntryPoint","urlTemplate":"https:\/\/bianca.com.tr\/en\/?s={search_term_string}"},"query-input":{"@type":"PropertyValueSpecification","valueRequired":true,"valueName":"search_term_string"}}],"inLanguage":"en-US"}]}},"_links":{"self":[{"href":"https:\/\/bianca.com.tr\/en\/wp-json\/wp\/v2\/product\/2695","targetHints":{"allow":["GET"]}}],"collection":[{"href":"https:\/\/bianca.com.tr\/en\/wp-json\/wp\/v2\/product"}],"about":[{"href":"https:\/\/bianca.com.tr\/en\/wp-json\/wp\/v2\/types\/product"}],"wp:featuredmedia":[{"embeddable":true,"href":"https:\/\/bianca.com.tr\/en\/wp-json\/wp\/v2\/media\/5065"}],"wp:attachment":[{"href":"https:\/\/bianca.com.tr\/en\/wp-json\/wp\/v2\/media?parent=2695"}],"wp:term":[{"taxonomy":"product_brand","embeddable":true,"href":"https:\/\/bianca.com.tr\/en\/wp-json\/wp\/v2\/product_brand?post=2695"},{"taxonomy":"product_cat","embeddable":true,"href":"https:\/\/bianca.com.tr\/en\/wp-json\/wp\/v2\/product_cat?post=2695"},{"taxonomy":"product_tag","embeddable":true,"href":"https:\/\/bianca.com.tr\/en\/wp-json\/wp\/v2\/product_tag?post=2695"}],"curies":[{"name":"wp","href":"https:\/\/api.w.org\/{rel}","templated":true}]}}