{"id":208,"date":"2022-01-30T19:45:28","date_gmt":"2022-01-30T16:45:28","guid":{"rendered":"http:\/\/leatherworld.com.tr\/demo\/bianca\/?post_type=product&#038;p=208"},"modified":"2022-01-31T14:09:19","modified_gmt":"2022-01-31T11:09:19","slug":"silikonlu-dis-cephe-astari","status":"publish","type":"product","link":"https:\/\/bianca.com.tr\/en\/urun\/silikonlu-dis-cephe-astari\/","title":{"rendered":"Export Silicone Based Exterior Primer"},"content":{"rendered":"<p><b>AREAS OF USE<br \/>\n<\/b>Applicable on the mineral based highly absorbent surfaces and also can be used before the first painting.<\/p>\n<p>&nbsp;<\/p>\n<p><strong>SPECIFICATION<\/strong><br \/>\n\u2022 Forms a link between the paint and the surface.<br \/>\n\u2022 Reduces the paint consumption.<br \/>\n\u2022 Prevents water and moisture penetration in great scale.<br \/>\n\u2022 Prevent the generation of moss and bacterium.<br \/>\n\u2022 Prevents differentail absorption of the paint by the surface.<br \/>\n\u2022 Increases the durability of the paint.<\/p>\n<p>&nbsp;<\/p>\n<p><strong>APPLICATION<br \/>\n<\/strong>The surfaces subject to <strong><em>Bianca Silicone Based Exterior Primer<\/em><\/strong>\u00a0 application must be clean and dry, free from all kinds of dirt, oil and dust. <em><strong>Bianca Silicone Based Exterior Primer <\/strong><\/em>\u00a0is applied as a single layer either with brush, roller or spraying. <strong><em>Bianca Silicone Based Exterior Pain<\/em>t<\/strong> is used 6 hours after the application of <em><strong>Bianca Silicone Based Exterior Primer<\/strong><\/em>. Attention should be given to the temperature of the surface and the atmosphere during the application, preferably to be kept at min. +5\u00baC, max +30\u00baC.<\/p>\n","protected":false},"excerpt":{"rendered":"<p>Silicone emulsion based exterior primer (white) with surface filling power.<\/p>\n<ul class=\"butonlar tekli\">\n<li><a href=\"http:\/\/bianca.com.tr\/en\/wp-content\/uploads\/2019\/01\/silikonlu-d\u0131\u015f-cephe-astar\u0131_ing.pdf\" target=\"_blank\" rel=\"noopener noreferrer\">TDS<\/a><\/li>\n<\/ul>\n","protected":false},"featured_media":5303,"template":"","meta":[],"product_brand":[],"product_cat":[35,79,137],"product_tag":[],"class_list":{"0":"post-208","1":"product","2":"type-product","3":"status-publish","4":"has-post-thumbnail","6":"product_cat-construction-and-industrial-paints","7":"product_cat-primers","8":"product_cat-water-based-primers","10":"first","11":"instock","12":"shipping-taxable","13":"product-type-simple"},"yoast_head":"<!-- This site is optimized with the Yoast SEO plugin v26.4 - https:\/\/yoast.com\/wordpress\/plugins\/seo\/ -->\n<title>Export Silicone Based Exterior Primer - Bianca Boya<\/title>\n<meta name=\"robots\" content=\"index, follow, max-snippet:-1, max-image-preview:large, max-video-preview:-1\" \/>\n<link rel=\"canonical\" href=\"https:\/\/bianca.com.tr\/en\/urun\/silikonlu-dis-cephe-astari\/\" \/>\n<meta property=\"og:locale\" content=\"en_US\" \/>\n<meta property=\"og:type\" content=\"article\" \/>\n<meta property=\"og:title\" content=\"Export Silicone Based Exterior Primer - Bianca Boya\" \/>\n<meta property=\"og:description\" content=\"Silicone emulsion based exterior primer (white) with surface filling power.   TDS\" \/>\n<meta property=\"og:url\" content=\"https:\/\/bianca.com.tr\/en\/urun\/silikonlu-dis-cephe-astari\/\" \/>\n<meta property=\"og:site_name\" content=\"Bianca Boya\" \/>\n<meta property=\"article:modified_time\" content=\"2022-01-31T11:09:19+00:00\" \/>\n<meta property=\"og:image\" content=\"https:\/\/bianca.com.tr\/en\/wp-content\/uploads\/2021\/12\/silikonlu-dis-cephe-astar_ex.png\" \/>\n\t<meta property=\"og:image:width\" content=\"675\" \/>\n\t<meta property=\"og:image:height\" content=\"600\" \/>\n\t<meta property=\"og:image:type\" content=\"image\/png\" \/>\n<meta name=\"twitter:card\" content=\"summary_large_image\" \/>\n<meta name=\"twitter:label1\" content=\"Est. reading time\" \/>\n\t<meta name=\"twitter:data1\" content=\"1 minute\" \/>\n<script type=\"application\/ld+json\" class=\"yoast-schema-graph\">{\"@context\":\"https:\/\/schema.org\",\"@graph\":[{\"@type\":\"WebPage\",\"@id\":\"https:\/\/bianca.com.tr\/en\/urun\/silikonlu-dis-cephe-astari\/\",\"url\":\"https:\/\/bianca.com.tr\/en\/urun\/silikonlu-dis-cephe-astari\/\",\"name\":\"Export Silicone Based Exterior Primer - Bianca Boya\",\"isPartOf\":{\"@id\":\"https:\/\/bianca.com.tr\/en\/#website\"},\"primaryImageOfPage\":{\"@id\":\"https:\/\/bianca.com.tr\/en\/urun\/silikonlu-dis-cephe-astari\/#primaryimage\"},\"image\":{\"@id\":\"https:\/\/bianca.com.tr\/en\/urun\/silikonlu-dis-cephe-astari\/#primaryimage\"},\"thumbnailUrl\":\"https:\/\/bianca.com.tr\/en\/wp-content\/uploads\/2021\/12\/silikonlu-dis-cephe-astar_ex.png\",\"datePublished\":\"2022-01-30T16:45:28+00:00\",\"dateModified\":\"2022-01-31T11:09:19+00:00\",\"breadcrumb\":{\"@id\":\"https:\/\/bianca.com.tr\/en\/urun\/silikonlu-dis-cephe-astari\/#breadcrumb\"},\"inLanguage\":\"en-US\",\"potentialAction\":[{\"@type\":\"ReadAction\",\"target\":[\"https:\/\/bianca.com.tr\/en\/urun\/silikonlu-dis-cephe-astari\/\"]}]},{\"@type\":\"ImageObject\",\"inLanguage\":\"en-US\",\"@id\":\"https:\/\/bianca.com.tr\/en\/urun\/silikonlu-dis-cephe-astari\/#primaryimage\",\"url\":\"https:\/\/bianca.com.tr\/en\/wp-content\/uploads\/2021\/12\/silikonlu-dis-cephe-astar_ex.png\",\"contentUrl\":\"https:\/\/bianca.com.tr\/en\/wp-content\/uploads\/2021\/12\/silikonlu-dis-cephe-astar_ex.png\",\"width\":675,\"height\":600},{\"@type\":\"BreadcrumbList\",\"@id\":\"https:\/\/bianca.com.tr\/en\/urun\/silikonlu-dis-cephe-astari\/#breadcrumb\",\"itemListElement\":[{\"@type\":\"ListItem\",\"position\":1,\"name\":\"Home\",\"item\":\"https:\/\/bianca.com.tr\/en\/\"},{\"@type\":\"ListItem\",\"position\":2,\"name\":\"Ma\u011faza\",\"item\":\"https:\/\/bianca.com.tr\/en\/magaza\/\"},{\"@type\":\"ListItem\",\"position\":3,\"name\":\"Export Silicone Based Exterior Primer\"}]},{\"@type\":\"WebSite\",\"@id\":\"https:\/\/bianca.com.tr\/en\/#website\",\"url\":\"https:\/\/bianca.com.tr\/en\/\",\"name\":\"Bianca Boya\",\"description\":\"Decorative Building System\",\"potentialAction\":[{\"@type\":\"SearchAction\",\"target\":{\"@type\":\"EntryPoint\",\"urlTemplate\":\"https:\/\/bianca.com.tr\/en\/?s={search_term_string}\"},\"query-input\":{\"@type\":\"PropertyValueSpecification\",\"valueRequired\":true,\"valueName\":\"search_term_string\"}}],\"inLanguage\":\"en-US\"}]}<\/script>\n<!-- \/ Yoast SEO plugin. -->","yoast_head_json":{"title":"Export Silicone Based Exterior Primer - Bianca Boya","robots":{"index":"index","follow":"follow","max-snippet":"max-snippet:-1","max-image-preview":"max-image-preview:large","max-video-preview":"max-video-preview:-1"},"canonical":"https:\/\/bianca.com.tr\/en\/urun\/silikonlu-dis-cephe-astari\/","og_locale":"en_US","og_type":"article","og_title":"Export Silicone Based Exterior Primer - Bianca Boya","og_description":"Silicone emulsion based exterior primer (white) with surface filling power.   TDS","og_url":"https:\/\/bianca.com.tr\/en\/urun\/silikonlu-dis-cephe-astari\/","og_site_name":"Bianca Boya","article_modified_time":"2022-01-31T11:09:19+00:00","og_image":[{"width":675,"height":600,"url":"https:\/\/bianca.com.tr\/en\/wp-content\/uploads\/2021\/12\/silikonlu-dis-cephe-astar_ex.png","type":"image\/png"}],"twitter_card":"summary_large_image","twitter_misc":{"Est. reading time":"1 minute"},"schema":{"@context":"https:\/\/schema.org","@graph":[{"@type":"WebPage","@id":"https:\/\/bianca.com.tr\/en\/urun\/silikonlu-dis-cephe-astari\/","url":"https:\/\/bianca.com.tr\/en\/urun\/silikonlu-dis-cephe-astari\/","name":"Export Silicone Based Exterior Primer - Bianca Boya","isPartOf":{"@id":"https:\/\/bianca.com.tr\/en\/#website"},"primaryImageOfPage":{"@id":"https:\/\/bianca.com.tr\/en\/urun\/silikonlu-dis-cephe-astari\/#primaryimage"},"image":{"@id":"https:\/\/bianca.com.tr\/en\/urun\/silikonlu-dis-cephe-astari\/#primaryimage"},"thumbnailUrl":"https:\/\/bianca.com.tr\/en\/wp-content\/uploads\/2021\/12\/silikonlu-dis-cephe-astar_ex.png","datePublished":"2022-01-30T16:45:28+00:00","dateModified":"2022-01-31T11:09:19+00:00","breadcrumb":{"@id":"https:\/\/bianca.com.tr\/en\/urun\/silikonlu-dis-cephe-astari\/#breadcrumb"},"inLanguage":"en-US","potentialAction":[{"@type":"ReadAction","target":["https:\/\/bianca.com.tr\/en\/urun\/silikonlu-dis-cephe-astari\/"]}]},{"@type":"ImageObject","inLanguage":"en-US","@id":"https:\/\/bianca.com.tr\/en\/urun\/silikonlu-dis-cephe-astari\/#primaryimage","url":"https:\/\/bianca.com.tr\/en\/wp-content\/uploads\/2021\/12\/silikonlu-dis-cephe-astar_ex.png","contentUrl":"https:\/\/bianca.com.tr\/en\/wp-content\/uploads\/2021\/12\/silikonlu-dis-cephe-astar_ex.png","width":675,"height":600},{"@type":"BreadcrumbList","@id":"https:\/\/bianca.com.tr\/en\/urun\/silikonlu-dis-cephe-astari\/#breadcrumb","itemListElement":[{"@type":"ListItem","position":1,"name":"Home","item":"https:\/\/bianca.com.tr\/en\/"},{"@type":"ListItem","position":2,"name":"Ma\u011faza","item":"https:\/\/bianca.com.tr\/en\/magaza\/"},{"@type":"ListItem","position":3,"name":"Export Silicone Based Exterior Primer"}]},{"@type":"WebSite","@id":"https:\/\/bianca.com.tr\/en\/#website","url":"https:\/\/bianca.com.tr\/en\/","name":"Bianca Boya","description":"Decorative Building System","potentialAction":[{"@type":"SearchAction","target":{"@type":"EntryPoint","urlTemplate":"https:\/\/bianca.com.tr\/en\/?s={search_term_string}"},"query-input":{"@type":"PropertyValueSpecification","valueRequired":true,"valueName":"search_term_string"}}],"inLanguage":"en-US"}]}},"_links":{"self":[{"href":"https:\/\/bianca.com.tr\/en\/wp-json\/wp\/v2\/product\/208","targetHints":{"allow":["GET"]}}],"collection":[{"href":"https:\/\/bianca.com.tr\/en\/wp-json\/wp\/v2\/product"}],"about":[{"href":"https:\/\/bianca.com.tr\/en\/wp-json\/wp\/v2\/types\/product"}],"wp:featuredmedia":[{"embeddable":true,"href":"https:\/\/bianca.com.tr\/en\/wp-json\/wp\/v2\/media\/5303"}],"wp:attachment":[{"href":"https:\/\/bianca.com.tr\/en\/wp-json\/wp\/v2\/media?parent=208"}],"wp:term":[{"taxonomy":"product_brand","embeddable":true,"href":"https:\/\/bianca.com.tr\/en\/wp-json\/wp\/v2\/product_brand?post=208"},{"taxonomy":"product_cat","embeddable":true,"href":"https:\/\/bianca.com.tr\/en\/wp-json\/wp\/v2\/product_cat?post=208"},{"taxonomy":"product_tag","embeddable":true,"href":"https:\/\/bianca.com.tr\/en\/wp-json\/wp\/v2\/product_tag?post=208"}],"curies":[{"name":"wp","href":"https:\/\/api.w.org\/{rel}","templated":true}]}}