{"id":1947,"date":"2022-01-29T14:05:55","date_gmt":"2022-01-29T11:05:55","guid":{"rendered":"http:\/\/bianca.com.tr\/?post_type=product&#038;p=1947"},"modified":"2022-02-04T10:46:43","modified_gmt":"2022-02-04T07:46:43","slug":"vetro-sivi-cam","status":"publish","type":"product","link":"https:\/\/bianca.com.tr\/en\/urun\/vetro-sivi-cam\/","title":{"rendered":"Vetro &#8211; Liquid Glass"},"content":{"rendered":"<p><b>AREAS OF USE<br \/>\n<\/b>It is used in glass, mosaic, tile, porcelain, ceramic, marble, granite, natural stone, wood, concrete, screed, galvanized sheet, aluminum etc.<\/p>\n<p>&nbsp;<\/p>\n<p><strong>SPECIFICATION<\/strong><br \/>\n\u2022 Has high chemical and mechanical resistance.<br \/>\n\u2022 Resistant to all atmospheric conditions and pollution, sunlight, friction and impacts.<br \/>\n\u2022 No-fading, no cracking, no blistering and no spillinng.<br \/>\n\u2022 Time and labor saving due to high spreading power on the surface.<br \/>\n\u2022 Provides medium non-slip on the surface.<br \/>\n\u2022 Applied surface is easy to clean.<\/p>\n<p>&nbsp;<\/p>\n<p><strong>APPLICATION<br \/>\n<\/strong>The surfaces subject to <strong><em>Bianca Vetro Liquid Glass<\/em><\/strong> application must be clean and dry, free from all kinds of dirt, oil and dust, as well as old paint remainders. \u0130ki bile\u015fen belirlenen oranlarda kar\u0131\u015ft\u0131r\u0131lmal\u0131 ve homojen hale getirildikten sonra uygulamaya ge\u00e7ilmelidir. F\u0131r\u00e7a, rulo yada p\u00fcsk\u00fcrtme ile uygulan\u0131r. The temperature of the surface and the surroundings must be\u00a0 min.+5\u00baC, Max. +30\u00baC. application environment. There should not be excessive wind and air current in the application environment. The use of the material should be done in about 50 minutes.<\/p>\n","protected":false},"excerpt":{"rendered":"<p>In addition to high water resistance, it is a two-component product that has chemical and physical resistance and is used for decorative purposes.<\/p>\n<ul class=\"butonlar tekli\">\n<li><a href=\"http:\/\/bianca.com.tr\/en\/wp-content\/uploads\/2019\/02\/vetro_sivi-cam_tds_ing.pdf\" target=\"_blank\" rel=\"noopener noreferrer\">TDS<\/a><\/li>\n<\/ul>\n","protected":false},"featured_media":5050,"template":"","meta":[],"product_brand":[],"product_cat":[83,160],"product_tag":[],"class_list":{"0":"post-1947","1":"product","2":"type-product","3":"status-publish","4":"has-post-thumbnail","6":"product_cat-insulation-group","7":"product_cat-water-isolation","9":"first","10":"instock","11":"shipping-taxable","12":"product-type-simple"},"yoast_head":"<!-- This site is optimized with the Yoast SEO plugin v26.4 - https:\/\/yoast.com\/wordpress\/plugins\/seo\/ -->\n<title>Vetro - Liquid Glass - Bianca Boya<\/title>\n<meta name=\"robots\" content=\"index, follow, max-snippet:-1, max-image-preview:large, max-video-preview:-1\" \/>\n<link rel=\"canonical\" href=\"https:\/\/bianca.com.tr\/en\/urun\/vetro-sivi-cam\/\" \/>\n<meta property=\"og:locale\" content=\"en_US\" \/>\n<meta property=\"og:type\" content=\"article\" \/>\n<meta property=\"og:title\" content=\"Vetro - Liquid Glass - Bianca Boya\" \/>\n<meta property=\"og:description\" content=\"In addition to high water resistance, it is a two-component product that has chemical and physical resistance and is used for decorative purposes.   TDS\" \/>\n<meta property=\"og:url\" content=\"https:\/\/bianca.com.tr\/en\/urun\/vetro-sivi-cam\/\" \/>\n<meta property=\"og:site_name\" content=\"Bianca Boya\" \/>\n<meta property=\"article:modified_time\" content=\"2022-02-04T07:46:43+00:00\" \/>\n<meta property=\"og:image\" content=\"https:\/\/bianca.com.tr\/en\/wp-content\/uploads\/2018\/12\/vetro-s\u0131v\u0131-cam.png\" \/>\n\t<meta property=\"og:image:width\" content=\"675\" \/>\n\t<meta property=\"og:image:height\" content=\"600\" \/>\n\t<meta property=\"og:image:type\" content=\"image\/png\" \/>\n<meta name=\"twitter:card\" content=\"summary_large_image\" \/>\n<meta name=\"twitter:label1\" content=\"Est. reading time\" \/>\n\t<meta name=\"twitter:data1\" content=\"1 minute\" \/>\n<script type=\"application\/ld+json\" class=\"yoast-schema-graph\">{\"@context\":\"https:\/\/schema.org\",\"@graph\":[{\"@type\":\"WebPage\",\"@id\":\"https:\/\/bianca.com.tr\/en\/urun\/vetro-sivi-cam\/\",\"url\":\"https:\/\/bianca.com.tr\/en\/urun\/vetro-sivi-cam\/\",\"name\":\"Vetro - Liquid Glass - Bianca Boya\",\"isPartOf\":{\"@id\":\"https:\/\/bianca.com.tr\/en\/#website\"},\"primaryImageOfPage\":{\"@id\":\"https:\/\/bianca.com.tr\/en\/urun\/vetro-sivi-cam\/#primaryimage\"},\"image\":{\"@id\":\"https:\/\/bianca.com.tr\/en\/urun\/vetro-sivi-cam\/#primaryimage\"},\"thumbnailUrl\":\"https:\/\/bianca.com.tr\/en\/wp-content\/uploads\/2018\/12\/vetro-s\u0131v\u0131-cam.png\",\"datePublished\":\"2022-01-29T11:05:55+00:00\",\"dateModified\":\"2022-02-04T07:46:43+00:00\",\"breadcrumb\":{\"@id\":\"https:\/\/bianca.com.tr\/en\/urun\/vetro-sivi-cam\/#breadcrumb\"},\"inLanguage\":\"en-US\",\"potentialAction\":[{\"@type\":\"ReadAction\",\"target\":[\"https:\/\/bianca.com.tr\/en\/urun\/vetro-sivi-cam\/\"]}]},{\"@type\":\"ImageObject\",\"inLanguage\":\"en-US\",\"@id\":\"https:\/\/bianca.com.tr\/en\/urun\/vetro-sivi-cam\/#primaryimage\",\"url\":\"https:\/\/bianca.com.tr\/en\/wp-content\/uploads\/2018\/12\/vetro-s\u0131v\u0131-cam.png\",\"contentUrl\":\"https:\/\/bianca.com.tr\/en\/wp-content\/uploads\/2018\/12\/vetro-s\u0131v\u0131-cam.png\",\"width\":675,\"height\":600},{\"@type\":\"BreadcrumbList\",\"@id\":\"https:\/\/bianca.com.tr\/en\/urun\/vetro-sivi-cam\/#breadcrumb\",\"itemListElement\":[{\"@type\":\"ListItem\",\"position\":1,\"name\":\"Home\",\"item\":\"https:\/\/bianca.com.tr\/en\/\"},{\"@type\":\"ListItem\",\"position\":2,\"name\":\"Ma\u011faza\",\"item\":\"https:\/\/bianca.com.tr\/en\/magaza\/\"},{\"@type\":\"ListItem\",\"position\":3,\"name\":\"Vetro &#8211; Liquid Glass\"}]},{\"@type\":\"WebSite\",\"@id\":\"https:\/\/bianca.com.tr\/en\/#website\",\"url\":\"https:\/\/bianca.com.tr\/en\/\",\"name\":\"Bianca Boya\",\"description\":\"Decorative Building System\",\"potentialAction\":[{\"@type\":\"SearchAction\",\"target\":{\"@type\":\"EntryPoint\",\"urlTemplate\":\"https:\/\/bianca.com.tr\/en\/?s={search_term_string}\"},\"query-input\":{\"@type\":\"PropertyValueSpecification\",\"valueRequired\":true,\"valueName\":\"search_term_string\"}}],\"inLanguage\":\"en-US\"}]}<\/script>\n<!-- \/ Yoast SEO plugin. -->","yoast_head_json":{"title":"Vetro - Liquid Glass - Bianca Boya","robots":{"index":"index","follow":"follow","max-snippet":"max-snippet:-1","max-image-preview":"max-image-preview:large","max-video-preview":"max-video-preview:-1"},"canonical":"https:\/\/bianca.com.tr\/en\/urun\/vetro-sivi-cam\/","og_locale":"en_US","og_type":"article","og_title":"Vetro - Liquid Glass - Bianca Boya","og_description":"In addition to high water resistance, it is a two-component product that has chemical and physical resistance and is used for decorative purposes.   TDS","og_url":"https:\/\/bianca.com.tr\/en\/urun\/vetro-sivi-cam\/","og_site_name":"Bianca Boya","article_modified_time":"2022-02-04T07:46:43+00:00","og_image":[{"width":675,"height":600,"url":"https:\/\/bianca.com.tr\/en\/wp-content\/uploads\/2018\/12\/vetro-s\u0131v\u0131-cam.png","type":"image\/png"}],"twitter_card":"summary_large_image","twitter_misc":{"Est. reading time":"1 minute"},"schema":{"@context":"https:\/\/schema.org","@graph":[{"@type":"WebPage","@id":"https:\/\/bianca.com.tr\/en\/urun\/vetro-sivi-cam\/","url":"https:\/\/bianca.com.tr\/en\/urun\/vetro-sivi-cam\/","name":"Vetro - Liquid Glass - Bianca Boya","isPartOf":{"@id":"https:\/\/bianca.com.tr\/en\/#website"},"primaryImageOfPage":{"@id":"https:\/\/bianca.com.tr\/en\/urun\/vetro-sivi-cam\/#primaryimage"},"image":{"@id":"https:\/\/bianca.com.tr\/en\/urun\/vetro-sivi-cam\/#primaryimage"},"thumbnailUrl":"https:\/\/bianca.com.tr\/en\/wp-content\/uploads\/2018\/12\/vetro-s\u0131v\u0131-cam.png","datePublished":"2022-01-29T11:05:55+00:00","dateModified":"2022-02-04T07:46:43+00:00","breadcrumb":{"@id":"https:\/\/bianca.com.tr\/en\/urun\/vetro-sivi-cam\/#breadcrumb"},"inLanguage":"en-US","potentialAction":[{"@type":"ReadAction","target":["https:\/\/bianca.com.tr\/en\/urun\/vetro-sivi-cam\/"]}]},{"@type":"ImageObject","inLanguage":"en-US","@id":"https:\/\/bianca.com.tr\/en\/urun\/vetro-sivi-cam\/#primaryimage","url":"https:\/\/bianca.com.tr\/en\/wp-content\/uploads\/2018\/12\/vetro-s\u0131v\u0131-cam.png","contentUrl":"https:\/\/bianca.com.tr\/en\/wp-content\/uploads\/2018\/12\/vetro-s\u0131v\u0131-cam.png","width":675,"height":600},{"@type":"BreadcrumbList","@id":"https:\/\/bianca.com.tr\/en\/urun\/vetro-sivi-cam\/#breadcrumb","itemListElement":[{"@type":"ListItem","position":1,"name":"Home","item":"https:\/\/bianca.com.tr\/en\/"},{"@type":"ListItem","position":2,"name":"Ma\u011faza","item":"https:\/\/bianca.com.tr\/en\/magaza\/"},{"@type":"ListItem","position":3,"name":"Vetro &#8211; Liquid Glass"}]},{"@type":"WebSite","@id":"https:\/\/bianca.com.tr\/en\/#website","url":"https:\/\/bianca.com.tr\/en\/","name":"Bianca Boya","description":"Decorative Building System","potentialAction":[{"@type":"SearchAction","target":{"@type":"EntryPoint","urlTemplate":"https:\/\/bianca.com.tr\/en\/?s={search_term_string}"},"query-input":{"@type":"PropertyValueSpecification","valueRequired":true,"valueName":"search_term_string"}}],"inLanguage":"en-US"}]}},"_links":{"self":[{"href":"https:\/\/bianca.com.tr\/en\/wp-json\/wp\/v2\/product\/1947","targetHints":{"allow":["GET"]}}],"collection":[{"href":"https:\/\/bianca.com.tr\/en\/wp-json\/wp\/v2\/product"}],"about":[{"href":"https:\/\/bianca.com.tr\/en\/wp-json\/wp\/v2\/types\/product"}],"wp:featuredmedia":[{"embeddable":true,"href":"https:\/\/bianca.com.tr\/en\/wp-json\/wp\/v2\/media\/5050"}],"wp:attachment":[{"href":"https:\/\/bianca.com.tr\/en\/wp-json\/wp\/v2\/media?parent=1947"}],"wp:term":[{"taxonomy":"product_brand","embeddable":true,"href":"https:\/\/bianca.com.tr\/en\/wp-json\/wp\/v2\/product_brand?post=1947"},{"taxonomy":"product_cat","embeddable":true,"href":"https:\/\/bianca.com.tr\/en\/wp-json\/wp\/v2\/product_cat?post=1947"},{"taxonomy":"product_tag","embeddable":true,"href":"https:\/\/bianca.com.tr\/en\/wp-json\/wp\/v2\/product_tag?post=1947"}],"curies":[{"name":"wp","href":"https:\/\/api.w.org\/{rel}","templated":true}]}}