{"id":1626,"date":"2022-01-30T16:15:02","date_gmt":"2022-01-30T13:15:02","guid":{"rendered":"http:\/\/bianca.com.tr\/?post_type=product&#038;p=1626"},"modified":"2022-02-03T17:07:51","modified_gmt":"2022-02-03T14:07:51","slug":"bia-pox-solventli-epoksi-boya","status":"publish","type":"product","link":"https:\/\/bianca.com.tr\/en\/urun\/bia-pox-solventli-epoksi-boya\/","title":{"rendered":"Bia-Pox Solvent Based Epoxy Paint (For Metal Surfaces)"},"content":{"rendered":"<p><b>AREASOF USE<br \/>\n<\/b>It is used for protective and decorative purposes on steel, cast and aluminum surfaces.<\/p>\n<p>&nbsp;<\/p>\n<p><strong>SPECIFICATION<\/strong><br \/>\n\u2022 Excellent spreading properties.<br \/>\n\u2022 No brush prints no drips.<br \/>\n\u2022 Easily processed by brush.<br \/>\n\u2022 Time and labor saving due to high spreading power on the surface.<br \/>\n\u2022 Resistant to mechanical damage and detergents of home use.<br \/>\n\u2022 Metal y\u00fczeyleri paslanmaya kar\u015f\u0131 korur.<br \/>\n\u2022 Good adhesion strength, creates a hard film layer.<br \/>\n\u2022 Provides time and labour saving.<br \/>\n\u2022 It is an anticorrosive paint resistant to salt, impact, moisture, chalking, water, oil resistance and different chemical substances.<\/p>\n<p><b><br \/>\nAPPLICATION<br \/>\n<\/b>The surfaces subject to <strong><em>Bianca Bia-Pox Solvent Based Epoxy Paint<\/em><\/strong> application must be clean and dry, free from all kinds of dirt, oil and dust, as well as old paint remainders. Rusted surfaces should be sandblasted, brushed and wiped with a wire brush. The temperature of the surface and the surroundings must be\u00a0 min.+5\u00baC, Max. +30\u00baC. application environment. <strong>\u00a0<em>Bianca Bia-Pox Solvent Based Epoxy Paint <\/em><\/strong>If the old and new metal surfaces will be painted for the first time, then the oil and impurities on the surface should be removed from the surface with thinner after sanding up to the shiny surface. A and B components should be used after mixing in specified proportions. It is recommended to use 2 atu and 0.5 meter distance.<\/p>\n<p>&nbsp;<\/p>\n<p><strong>COLOR:<\/strong> White<\/p>\n","protected":false},"excerpt":{"rendered":"<p>It is a two-component, epoxy resin based, top coat paint used on metal surfaces.<\/p>\n<ul class=\"butonlar tekli\">\n<li><a href=\"https:\/\/bianca.com.tr\/en\/wp-content\/uploads\/2021\/11\/bia-pox_solventli-epoksi-boya_tds_ing.pdf\" target=\"_blank\" rel=\"noopener noreferrer\">TDS<\/a><\/li>\n<\/ul>\n","protected":false},"featured_media":5324,"template":"","meta":[],"product_brand":[],"product_cat":[35,37],"product_tag":[],"class_list":{"0":"post-1626","1":"product","2":"type-product","3":"status-publish","4":"has-post-thumbnail","6":"product_cat-construction-and-industrial-paints","7":"product_cat-indusrial-paints-group","9":"first","10":"instock","11":"shipping-taxable","12":"product-type-simple"},"yoast_head":"<!-- This site is optimized with the Yoast SEO plugin v26.4 - https:\/\/yoast.com\/wordpress\/plugins\/seo\/ -->\n<title>Bia-Pox Solvent Based Epoxy Paint (For Metal Surfaces) - Bianca Boya<\/title>\n<meta name=\"robots\" content=\"index, follow, max-snippet:-1, max-image-preview:large, max-video-preview:-1\" \/>\n<link rel=\"canonical\" href=\"https:\/\/bianca.com.tr\/en\/urun\/bia-pox-solventli-epoksi-boya\/\" \/>\n<meta property=\"og:locale\" content=\"en_US\" \/>\n<meta property=\"og:type\" content=\"article\" \/>\n<meta property=\"og:title\" content=\"Bia-Pox Solvent Based Epoxy Paint (For Metal Surfaces) - Bianca Boya\" \/>\n<meta property=\"og:description\" content=\"It is a two-component, epoxy resin based, top coat paint used on metal surfaces.   TDS\" \/>\n<meta property=\"og:url\" content=\"https:\/\/bianca.com.tr\/en\/urun\/bia-pox-solventli-epoksi-boya\/\" \/>\n<meta property=\"og:site_name\" content=\"Bianca Boya\" \/>\n<meta property=\"article:modified_time\" content=\"2022-02-03T14:07:51+00:00\" \/>\n<meta property=\"og:image\" content=\"https:\/\/bianca.com.tr\/en\/wp-content\/uploads\/2021\/12\/bia-pox-solventli-boya.png\" \/>\n\t<meta property=\"og:image:width\" content=\"675\" \/>\n\t<meta property=\"og:image:height\" content=\"600\" \/>\n\t<meta property=\"og:image:type\" content=\"image\/png\" \/>\n<meta name=\"twitter:card\" content=\"summary_large_image\" \/>\n<meta name=\"twitter:label1\" content=\"Est. reading time\" \/>\n\t<meta name=\"twitter:data1\" content=\"1 minute\" \/>\n<script type=\"application\/ld+json\" class=\"yoast-schema-graph\">{\"@context\":\"https:\/\/schema.org\",\"@graph\":[{\"@type\":\"WebPage\",\"@id\":\"https:\/\/bianca.com.tr\/en\/urun\/bia-pox-solventli-epoksi-boya\/\",\"url\":\"https:\/\/bianca.com.tr\/en\/urun\/bia-pox-solventli-epoksi-boya\/\",\"name\":\"Bia-Pox Solvent Based Epoxy Paint (For Metal Surfaces) - Bianca Boya\",\"isPartOf\":{\"@id\":\"https:\/\/bianca.com.tr\/en\/#website\"},\"primaryImageOfPage\":{\"@id\":\"https:\/\/bianca.com.tr\/en\/urun\/bia-pox-solventli-epoksi-boya\/#primaryimage\"},\"image\":{\"@id\":\"https:\/\/bianca.com.tr\/en\/urun\/bia-pox-solventli-epoksi-boya\/#primaryimage\"},\"thumbnailUrl\":\"https:\/\/bianca.com.tr\/en\/wp-content\/uploads\/2021\/12\/bia-pox-solventli-boya.png\",\"datePublished\":\"2022-01-30T13:15:02+00:00\",\"dateModified\":\"2022-02-03T14:07:51+00:00\",\"breadcrumb\":{\"@id\":\"https:\/\/bianca.com.tr\/en\/urun\/bia-pox-solventli-epoksi-boya\/#breadcrumb\"},\"inLanguage\":\"en-US\",\"potentialAction\":[{\"@type\":\"ReadAction\",\"target\":[\"https:\/\/bianca.com.tr\/en\/urun\/bia-pox-solventli-epoksi-boya\/\"]}]},{\"@type\":\"ImageObject\",\"inLanguage\":\"en-US\",\"@id\":\"https:\/\/bianca.com.tr\/en\/urun\/bia-pox-solventli-epoksi-boya\/#primaryimage\",\"url\":\"https:\/\/bianca.com.tr\/en\/wp-content\/uploads\/2021\/12\/bia-pox-solventli-boya.png\",\"contentUrl\":\"https:\/\/bianca.com.tr\/en\/wp-content\/uploads\/2021\/12\/bia-pox-solventli-boya.png\",\"width\":675,\"height\":600},{\"@type\":\"BreadcrumbList\",\"@id\":\"https:\/\/bianca.com.tr\/en\/urun\/bia-pox-solventli-epoksi-boya\/#breadcrumb\",\"itemListElement\":[{\"@type\":\"ListItem\",\"position\":1,\"name\":\"Home\",\"item\":\"https:\/\/bianca.com.tr\/en\/\"},{\"@type\":\"ListItem\",\"position\":2,\"name\":\"Ma\u011faza\",\"item\":\"https:\/\/bianca.com.tr\/en\/magaza\/\"},{\"@type\":\"ListItem\",\"position\":3,\"name\":\"Bia-Pox Solvent Based Epoxy Paint (For Metal Surfaces)\"}]},{\"@type\":\"WebSite\",\"@id\":\"https:\/\/bianca.com.tr\/en\/#website\",\"url\":\"https:\/\/bianca.com.tr\/en\/\",\"name\":\"Bianca Boya\",\"description\":\"Decorative Building System\",\"potentialAction\":[{\"@type\":\"SearchAction\",\"target\":{\"@type\":\"EntryPoint\",\"urlTemplate\":\"https:\/\/bianca.com.tr\/en\/?s={search_term_string}\"},\"query-input\":{\"@type\":\"PropertyValueSpecification\",\"valueRequired\":true,\"valueName\":\"search_term_string\"}}],\"inLanguage\":\"en-US\"}]}<\/script>\n<!-- \/ Yoast SEO plugin. -->","yoast_head_json":{"title":"Bia-Pox Solvent Based Epoxy Paint (For Metal Surfaces) - Bianca Boya","robots":{"index":"index","follow":"follow","max-snippet":"max-snippet:-1","max-image-preview":"max-image-preview:large","max-video-preview":"max-video-preview:-1"},"canonical":"https:\/\/bianca.com.tr\/en\/urun\/bia-pox-solventli-epoksi-boya\/","og_locale":"en_US","og_type":"article","og_title":"Bia-Pox Solvent Based Epoxy Paint (For Metal Surfaces) - Bianca Boya","og_description":"It is a two-component, epoxy resin based, top coat paint used on metal surfaces.   TDS","og_url":"https:\/\/bianca.com.tr\/en\/urun\/bia-pox-solventli-epoksi-boya\/","og_site_name":"Bianca Boya","article_modified_time":"2022-02-03T14:07:51+00:00","og_image":[{"width":675,"height":600,"url":"https:\/\/bianca.com.tr\/en\/wp-content\/uploads\/2021\/12\/bia-pox-solventli-boya.png","type":"image\/png"}],"twitter_card":"summary_large_image","twitter_misc":{"Est. reading time":"1 minute"},"schema":{"@context":"https:\/\/schema.org","@graph":[{"@type":"WebPage","@id":"https:\/\/bianca.com.tr\/en\/urun\/bia-pox-solventli-epoksi-boya\/","url":"https:\/\/bianca.com.tr\/en\/urun\/bia-pox-solventli-epoksi-boya\/","name":"Bia-Pox Solvent Based Epoxy Paint (For Metal Surfaces) - Bianca Boya","isPartOf":{"@id":"https:\/\/bianca.com.tr\/en\/#website"},"primaryImageOfPage":{"@id":"https:\/\/bianca.com.tr\/en\/urun\/bia-pox-solventli-epoksi-boya\/#primaryimage"},"image":{"@id":"https:\/\/bianca.com.tr\/en\/urun\/bia-pox-solventli-epoksi-boya\/#primaryimage"},"thumbnailUrl":"https:\/\/bianca.com.tr\/en\/wp-content\/uploads\/2021\/12\/bia-pox-solventli-boya.png","datePublished":"2022-01-30T13:15:02+00:00","dateModified":"2022-02-03T14:07:51+00:00","breadcrumb":{"@id":"https:\/\/bianca.com.tr\/en\/urun\/bia-pox-solventli-epoksi-boya\/#breadcrumb"},"inLanguage":"en-US","potentialAction":[{"@type":"ReadAction","target":["https:\/\/bianca.com.tr\/en\/urun\/bia-pox-solventli-epoksi-boya\/"]}]},{"@type":"ImageObject","inLanguage":"en-US","@id":"https:\/\/bianca.com.tr\/en\/urun\/bia-pox-solventli-epoksi-boya\/#primaryimage","url":"https:\/\/bianca.com.tr\/en\/wp-content\/uploads\/2021\/12\/bia-pox-solventli-boya.png","contentUrl":"https:\/\/bianca.com.tr\/en\/wp-content\/uploads\/2021\/12\/bia-pox-solventli-boya.png","width":675,"height":600},{"@type":"BreadcrumbList","@id":"https:\/\/bianca.com.tr\/en\/urun\/bia-pox-solventli-epoksi-boya\/#breadcrumb","itemListElement":[{"@type":"ListItem","position":1,"name":"Home","item":"https:\/\/bianca.com.tr\/en\/"},{"@type":"ListItem","position":2,"name":"Ma\u011faza","item":"https:\/\/bianca.com.tr\/en\/magaza\/"},{"@type":"ListItem","position":3,"name":"Bia-Pox Solvent Based Epoxy Paint (For Metal Surfaces)"}]},{"@type":"WebSite","@id":"https:\/\/bianca.com.tr\/en\/#website","url":"https:\/\/bianca.com.tr\/en\/","name":"Bianca Boya","description":"Decorative Building System","potentialAction":[{"@type":"SearchAction","target":{"@type":"EntryPoint","urlTemplate":"https:\/\/bianca.com.tr\/en\/?s={search_term_string}"},"query-input":{"@type":"PropertyValueSpecification","valueRequired":true,"valueName":"search_term_string"}}],"inLanguage":"en-US"}]}},"_links":{"self":[{"href":"https:\/\/bianca.com.tr\/en\/wp-json\/wp\/v2\/product\/1626","targetHints":{"allow":["GET"]}}],"collection":[{"href":"https:\/\/bianca.com.tr\/en\/wp-json\/wp\/v2\/product"}],"about":[{"href":"https:\/\/bianca.com.tr\/en\/wp-json\/wp\/v2\/types\/product"}],"wp:featuredmedia":[{"embeddable":true,"href":"https:\/\/bianca.com.tr\/en\/wp-json\/wp\/v2\/media\/5324"}],"wp:attachment":[{"href":"https:\/\/bianca.com.tr\/en\/wp-json\/wp\/v2\/media?parent=1626"}],"wp:term":[{"taxonomy":"product_brand","embeddable":true,"href":"https:\/\/bianca.com.tr\/en\/wp-json\/wp\/v2\/product_brand?post=1626"},{"taxonomy":"product_cat","embeddable":true,"href":"https:\/\/bianca.com.tr\/en\/wp-json\/wp\/v2\/product_cat?post=1626"},{"taxonomy":"product_tag","embeddable":true,"href":"https:\/\/bianca.com.tr\/en\/wp-json\/wp\/v2\/product_tag?post=1626"}],"curies":[{"name":"wp","href":"https:\/\/api.w.org\/{rel}","templated":true}]}}