{"id":1192,"date":"2022-01-29T15:35:13","date_gmt":"2022-01-29T12:35:13","guid":{"rendered":"http:\/\/leatherworld.com.tr\/demo\/bianca\/?post_type=product&#038;p=1192"},"modified":"2022-02-04T10:29:58","modified_gmt":"2022-02-04T07:29:58","slug":"isi-yalitim-yapistiricisi","status":"publish","type":"product","link":"https:\/\/bianca.com.tr\/en\/urun\/isi-yalitim-yapistiricisi\/","title":{"rendered":"Heat Insulation Adhesive"},"content":{"rendered":"<p><b>AREAS OF USE<br \/>\n<\/b>Both interior and exterior works. Concrete, plaster, bricks, aerated concrete, panel and other kinds of mineral based surfaces; Used for installation of insulation panels of\u00a0polystyrene and stone wool.<\/p>\n<p><strong>SPECIFICATION<\/strong><br \/>\n\u2022 Economical. Can be easily applied by means of a steel spatula.<br \/>\n\u2022 Possesses high vapour conductive property<br \/>\n\u2022 Durable. Due to additives of polymer has a very strong attaching property. That is why it provides perfect adhesion between the panel and the wall surface.<br \/>\n\u2022 Water repulsive.<br \/>\n\u2022 Economical. Can be easily applied by means of a steel spatula.<br \/>\n\u2022 Provides time and labour economy.<\/p>\n<p><strong>APPLICATION<\/strong><br \/>\nOne bag of Bianca Is\u0131 Yal\u0131t\u0131m Yap\u0131\u015ft\u0131r\u0131c\u0131s\u0131 (Bianca Heat Insulation Adhesive) (25 kg) is dissolved in 6-7 lt of clean water and mixed by means of a mixer until a homogeneous mixture is obtained. Before the application the mixture should rest for 10 min and after that mixed once more. The mixture is to be consumed in 2 hrs. Within this period if the brakes ara had the mixture should be mixed once again. No operation should be performed during the whole period of drying.<\/p>\n","protected":false},"excerpt":{"rendered":"<p>It is developed as coating for EPS, XPS or other insulation materials. Cement based elastic, water repulsive plaster with fiber additive.<\/p>\n<p><strong>\u00a0<\/strong><\/p>\n<ul class=\"butonlar ikili\">\n<li><a href=\"http:\/\/bianca.com.tr\/en\/wp-content\/uploads\/2019\/02\/isi-yalitim-yapistiricisi_tds_ing.pdf\" target=\"_blank\" rel=\"noopener noreferrer\">TDS<\/a><\/li>\n<li><a href=\"https:\/\/bianca.com.tr\/en\/wp-content\/uploads\/2021\/12\/TS-13566.pdf\" target=\"_blank\" rel=\"noopener noreferrer\"><img loading=\"lazy\" decoding=\"async\" class=\"alignnone\" src=\"http:\/\/bianca.com.tr\/wp-content\/themes\/bianca\/images\/amblem_tse.png\" alt=\"\" width=\"160\" height=\"135\" \/><\/a><\/li>\n<\/ul>\n","protected":false},"featured_media":5408,"template":"","meta":[],"product_brand":[],"product_cat":[83,159,125],"product_tag":[],"class_list":{"0":"post-1192","1":"product","2":"type-product","3":"status-publish","4":"has-post-thumbnail","6":"product_cat-insulation-group","7":"product_cat-heat-insulation","8":"product_cat-cement-based-products","10":"first","11":"instock","12":"shipping-taxable","13":"product-type-simple"},"yoast_head":"<!-- This site is optimized with the Yoast SEO plugin v26.4 - https:\/\/yoast.com\/wordpress\/plugins\/seo\/ -->\n<title>Heat Insulation Adhesive - Bianca Boya<\/title>\n<meta name=\"robots\" content=\"index, follow, max-snippet:-1, max-image-preview:large, max-video-preview:-1\" \/>\n<link rel=\"canonical\" href=\"https:\/\/bianca.com.tr\/en\/urun\/isi-yalitim-yapistiricisi\/\" \/>\n<meta property=\"og:locale\" content=\"en_US\" \/>\n<meta property=\"og:type\" content=\"article\" \/>\n<meta property=\"og:title\" content=\"Heat Insulation Adhesive - Bianca Boya\" \/>\n<meta property=\"og:description\" content=\"It is developed as coating for EPS, XPS or other insulation materials. Cement based elastic, water repulsive plaster with fiber additive.  \u00a0   TDS\" \/>\n<meta property=\"og:url\" content=\"https:\/\/bianca.com.tr\/en\/urun\/isi-yalitim-yapistiricisi\/\" \/>\n<meta property=\"og:site_name\" content=\"Bianca Boya\" \/>\n<meta property=\"article:modified_time\" content=\"2022-02-04T07:29:58+00:00\" \/>\n<meta property=\"og:image\" content=\"https:\/\/bianca.com.tr\/en\/wp-content\/uploads\/2021\/12\/isi-yalitim-yapistiricisi.png\" \/>\n\t<meta property=\"og:image:width\" content=\"675\" \/>\n\t<meta property=\"og:image:height\" content=\"600\" \/>\n\t<meta property=\"og:image:type\" content=\"image\/png\" \/>\n<meta name=\"twitter:card\" content=\"summary_large_image\" \/>\n<meta name=\"twitter:label1\" content=\"Est. reading time\" \/>\n\t<meta name=\"twitter:data1\" content=\"1 minute\" \/>\n<script type=\"application\/ld+json\" class=\"yoast-schema-graph\">{\"@context\":\"https:\/\/schema.org\",\"@graph\":[{\"@type\":\"WebPage\",\"@id\":\"https:\/\/bianca.com.tr\/en\/urun\/isi-yalitim-yapistiricisi\/\",\"url\":\"https:\/\/bianca.com.tr\/en\/urun\/isi-yalitim-yapistiricisi\/\",\"name\":\"Heat Insulation Adhesive - Bianca Boya\",\"isPartOf\":{\"@id\":\"https:\/\/bianca.com.tr\/en\/#website\"},\"primaryImageOfPage\":{\"@id\":\"https:\/\/bianca.com.tr\/en\/urun\/isi-yalitim-yapistiricisi\/#primaryimage\"},\"image\":{\"@id\":\"https:\/\/bianca.com.tr\/en\/urun\/isi-yalitim-yapistiricisi\/#primaryimage\"},\"thumbnailUrl\":\"https:\/\/bianca.com.tr\/en\/wp-content\/uploads\/2021\/12\/isi-yalitim-yapistiricisi.png\",\"datePublished\":\"2022-01-29T12:35:13+00:00\",\"dateModified\":\"2022-02-04T07:29:58+00:00\",\"breadcrumb\":{\"@id\":\"https:\/\/bianca.com.tr\/en\/urun\/isi-yalitim-yapistiricisi\/#breadcrumb\"},\"inLanguage\":\"en-US\",\"potentialAction\":[{\"@type\":\"ReadAction\",\"target\":[\"https:\/\/bianca.com.tr\/en\/urun\/isi-yalitim-yapistiricisi\/\"]}]},{\"@type\":\"ImageObject\",\"inLanguage\":\"en-US\",\"@id\":\"https:\/\/bianca.com.tr\/en\/urun\/isi-yalitim-yapistiricisi\/#primaryimage\",\"url\":\"https:\/\/bianca.com.tr\/en\/wp-content\/uploads\/2021\/12\/isi-yalitim-yapistiricisi.png\",\"contentUrl\":\"https:\/\/bianca.com.tr\/en\/wp-content\/uploads\/2021\/12\/isi-yalitim-yapistiricisi.png\",\"width\":675,\"height\":600},{\"@type\":\"BreadcrumbList\",\"@id\":\"https:\/\/bianca.com.tr\/en\/urun\/isi-yalitim-yapistiricisi\/#breadcrumb\",\"itemListElement\":[{\"@type\":\"ListItem\",\"position\":1,\"name\":\"Home\",\"item\":\"https:\/\/bianca.com.tr\/en\/\"},{\"@type\":\"ListItem\",\"position\":2,\"name\":\"Ma\u011faza\",\"item\":\"https:\/\/bianca.com.tr\/en\/magaza\/\"},{\"@type\":\"ListItem\",\"position\":3,\"name\":\"Heat Insulation Adhesive\"}]},{\"@type\":\"WebSite\",\"@id\":\"https:\/\/bianca.com.tr\/en\/#website\",\"url\":\"https:\/\/bianca.com.tr\/en\/\",\"name\":\"Bianca Boya\",\"description\":\"Decorative Building System\",\"potentialAction\":[{\"@type\":\"SearchAction\",\"target\":{\"@type\":\"EntryPoint\",\"urlTemplate\":\"https:\/\/bianca.com.tr\/en\/?s={search_term_string}\"},\"query-input\":{\"@type\":\"PropertyValueSpecification\",\"valueRequired\":true,\"valueName\":\"search_term_string\"}}],\"inLanguage\":\"en-US\"}]}<\/script>\n<!-- \/ Yoast SEO plugin. -->","yoast_head_json":{"title":"Heat Insulation Adhesive - Bianca Boya","robots":{"index":"index","follow":"follow","max-snippet":"max-snippet:-1","max-image-preview":"max-image-preview:large","max-video-preview":"max-video-preview:-1"},"canonical":"https:\/\/bianca.com.tr\/en\/urun\/isi-yalitim-yapistiricisi\/","og_locale":"en_US","og_type":"article","og_title":"Heat Insulation Adhesive - Bianca Boya","og_description":"It is developed as coating for EPS, XPS or other insulation materials. Cement based elastic, water repulsive plaster with fiber additive.  \u00a0   TDS","og_url":"https:\/\/bianca.com.tr\/en\/urun\/isi-yalitim-yapistiricisi\/","og_site_name":"Bianca Boya","article_modified_time":"2022-02-04T07:29:58+00:00","og_image":[{"width":675,"height":600,"url":"https:\/\/bianca.com.tr\/en\/wp-content\/uploads\/2021\/12\/isi-yalitim-yapistiricisi.png","type":"image\/png"}],"twitter_card":"summary_large_image","twitter_misc":{"Est. reading time":"1 minute"},"schema":{"@context":"https:\/\/schema.org","@graph":[{"@type":"WebPage","@id":"https:\/\/bianca.com.tr\/en\/urun\/isi-yalitim-yapistiricisi\/","url":"https:\/\/bianca.com.tr\/en\/urun\/isi-yalitim-yapistiricisi\/","name":"Heat Insulation Adhesive - Bianca Boya","isPartOf":{"@id":"https:\/\/bianca.com.tr\/en\/#website"},"primaryImageOfPage":{"@id":"https:\/\/bianca.com.tr\/en\/urun\/isi-yalitim-yapistiricisi\/#primaryimage"},"image":{"@id":"https:\/\/bianca.com.tr\/en\/urun\/isi-yalitim-yapistiricisi\/#primaryimage"},"thumbnailUrl":"https:\/\/bianca.com.tr\/en\/wp-content\/uploads\/2021\/12\/isi-yalitim-yapistiricisi.png","datePublished":"2022-01-29T12:35:13+00:00","dateModified":"2022-02-04T07:29:58+00:00","breadcrumb":{"@id":"https:\/\/bianca.com.tr\/en\/urun\/isi-yalitim-yapistiricisi\/#breadcrumb"},"inLanguage":"en-US","potentialAction":[{"@type":"ReadAction","target":["https:\/\/bianca.com.tr\/en\/urun\/isi-yalitim-yapistiricisi\/"]}]},{"@type":"ImageObject","inLanguage":"en-US","@id":"https:\/\/bianca.com.tr\/en\/urun\/isi-yalitim-yapistiricisi\/#primaryimage","url":"https:\/\/bianca.com.tr\/en\/wp-content\/uploads\/2021\/12\/isi-yalitim-yapistiricisi.png","contentUrl":"https:\/\/bianca.com.tr\/en\/wp-content\/uploads\/2021\/12\/isi-yalitim-yapistiricisi.png","width":675,"height":600},{"@type":"BreadcrumbList","@id":"https:\/\/bianca.com.tr\/en\/urun\/isi-yalitim-yapistiricisi\/#breadcrumb","itemListElement":[{"@type":"ListItem","position":1,"name":"Home","item":"https:\/\/bianca.com.tr\/en\/"},{"@type":"ListItem","position":2,"name":"Ma\u011faza","item":"https:\/\/bianca.com.tr\/en\/magaza\/"},{"@type":"ListItem","position":3,"name":"Heat Insulation Adhesive"}]},{"@type":"WebSite","@id":"https:\/\/bianca.com.tr\/en\/#website","url":"https:\/\/bianca.com.tr\/en\/","name":"Bianca Boya","description":"Decorative Building System","potentialAction":[{"@type":"SearchAction","target":{"@type":"EntryPoint","urlTemplate":"https:\/\/bianca.com.tr\/en\/?s={search_term_string}"},"query-input":{"@type":"PropertyValueSpecification","valueRequired":true,"valueName":"search_term_string"}}],"inLanguage":"en-US"}]}},"_links":{"self":[{"href":"https:\/\/bianca.com.tr\/en\/wp-json\/wp\/v2\/product\/1192","targetHints":{"allow":["GET"]}}],"collection":[{"href":"https:\/\/bianca.com.tr\/en\/wp-json\/wp\/v2\/product"}],"about":[{"href":"https:\/\/bianca.com.tr\/en\/wp-json\/wp\/v2\/types\/product"}],"wp:featuredmedia":[{"embeddable":true,"href":"https:\/\/bianca.com.tr\/en\/wp-json\/wp\/v2\/media\/5408"}],"wp:attachment":[{"href":"https:\/\/bianca.com.tr\/en\/wp-json\/wp\/v2\/media?parent=1192"}],"wp:term":[{"taxonomy":"product_brand","embeddable":true,"href":"https:\/\/bianca.com.tr\/en\/wp-json\/wp\/v2\/product_brand?post=1192"},{"taxonomy":"product_cat","embeddable":true,"href":"https:\/\/bianca.com.tr\/en\/wp-json\/wp\/v2\/product_cat?post=1192"},{"taxonomy":"product_tag","embeddable":true,"href":"https:\/\/bianca.com.tr\/en\/wp-json\/wp\/v2\/product_tag?post=1192"}],"curies":[{"name":"wp","href":"https:\/\/api.w.org\/{rel}","templated":true}]}}