{"id":1186,"date":"2022-01-29T15:20:21","date_gmt":"2022-01-29T12:20:21","guid":{"rendered":"http:\/\/leatherworld.com.tr\/demo\/bianca\/?post_type=product&#038;p=1186"},"modified":"2022-02-04T10:30:48","modified_gmt":"2022-02-04T07:30:48","slug":"dekoratif-kaplama-ince-dokulu","status":"publish","type":"product","link":"https:\/\/bianca.com.tr\/en\/urun\/dekoratif-kaplama-ince-dokulu\/","title":{"rendered":"Decorative Coating (Fine-Textured)"},"content":{"rendered":"<p><strong>Cement Based, Grain Textured Mineral Coating<\/strong><\/p>\n<p>&nbsp;<\/p>\n<p><b>AREAS OF USE<br \/>\n<\/b>\u2022 Cement based plaster.<br \/>\n\u2022 Ordinary Concrete.<br \/>\n\u2022 Surfaces where filler has been applied.<br \/>\n\u2022 Properly applied rough plaster.<br \/>\n\u2022 Concrete plates and panels.<br \/>\n\u2022 Can be applied with certainity upon Bianca Heat Insulation System.<\/p>\n<p>&nbsp;<\/p>\n<p><strong>SPECIFICATION<br \/>\n<\/strong><b>\u2022\u00a0<\/b>Decorative due to various possible application methods which provide different texture. Amends surface defects.<br \/>\n<b>\u2022\u00a0<\/b>Resistive to climatic conditions an temperature shocks, due to chemical additives of high quality. Polymer additives provide its superb adherence characteristic. An elastic and\u00a0water-proof material.<br \/>\n<b>\u2022\u00a0<\/b>Due to decorative appearence covers and hides pores cracks and other defects of plaster. Is applied easily with a steel spatula. Provides time and labour saving.<br \/>\n<b>\u2022\u00a0<\/b>Because of fibered structure is highly vapour conductive does not hinder building aeration. Inhibits fungi and bacteria formation.<\/p>\n<p>&nbsp;<\/p>\n<p><b>APPLICATION<br \/>\n<\/b>One bag <em><strong>Bianca Decorative Coating Fine-Textured<\/strong><\/em> (25,00 kg) is dissolved in 7-8 lt of clean water and mixed by means of a mixer until a homogeneous mixture is obtained. Before the application the mixture should rest for 10 min. and after that mixed once more. The mixture is to be consume in 2 hrs. Within this period if the brakes are held the mixture should be mixed once again. Has to be applied with a steel spatula properly, and excessive material has to be removed from the surface immediately. A decorative design can be drawn within 10 minutes after application.<\/p>\n","protected":false},"excerpt":{"rendered":"<p>Son kat olarak uygulanmak \u00fczere geli\u015ftirilmi\u015f, esnek ve su itici toz polimerler ve \u00e7e\u015fitli kimyasallar ile aderans\u0131 ve zor ko\u015fullara dayan\u0131kl\u0131l\u0131\u011f\u0131 art\u0131r\u0131lm\u0131\u015f i\u00e7 ve d\u0131\u015f y\u00fczey kaplamas\u0131d\u0131r.<\/p>\n<ul class=\"butonlar ikili\">\n<li><a href=\"http:\/\/bianca.com.tr\/en\/wp-content\/uploads\/2019\/02\/dekoratif-kaplama_ince-dokulu_tds_ing.pdf\" target=\"_blank\" rel=\"noopener noreferrer\">TDS<\/a><\/li>\n<li><a href=\"https:\/\/bianca.com.tr\/en\/wp-content\/uploads\/2021\/12\/TS-7847_dekoratif-kaplama.pdf\" target=\"_blank\" rel=\"noopener noreferrer\"><img loading=\"lazy\" decoding=\"async\" class=\"alignnone\" src=\"http:\/\/bianca.com.tr\/wp-content\/themes\/bianca\/images\/amblem_tse.png\" alt=\"\" width=\"160\" height=\"135\" \/><\/a><\/li>\n<\/ul>\n","protected":false},"featured_media":5411,"template":"","meta":[],"product_brand":[],"product_cat":[83,159,125],"product_tag":[],"class_list":{"0":"post-1186","1":"product","2":"type-product","3":"status-publish","4":"has-post-thumbnail","6":"product_cat-insulation-group","7":"product_cat-heat-insulation","8":"product_cat-cement-based-products","10":"first","11":"instock","12":"shipping-taxable","13":"product-type-simple"},"yoast_head":"<!-- This site is optimized with the Yoast SEO plugin v26.4 - https:\/\/yoast.com\/wordpress\/plugins\/seo\/ -->\n<title>Decorative Coating (Fine-Textured) - Bianca Boya<\/title>\n<meta name=\"robots\" content=\"index, follow, max-snippet:-1, max-image-preview:large, max-video-preview:-1\" \/>\n<link rel=\"canonical\" href=\"https:\/\/bianca.com.tr\/en\/urun\/dekoratif-kaplama-ince-dokulu\/\" \/>\n<meta property=\"og:locale\" content=\"en_US\" \/>\n<meta property=\"og:type\" content=\"article\" \/>\n<meta property=\"og:title\" content=\"Decorative Coating (Fine-Textured) - Bianca Boya\" \/>\n<meta property=\"og:description\" content=\"Son kat olarak uygulanmak \u00fczere geli\u015ftirilmi\u015f, esnek ve su itici toz polimerler ve \u00e7e\u015fitli kimyasallar ile aderans\u0131 ve zor ko\u015fullara dayan\u0131kl\u0131l\u0131\u011f\u0131 art\u0131r\u0131lm\u0131\u015f i\u00e7 ve d\u0131\u015f y\u00fczey kaplamas\u0131d\u0131r.   TDS\" \/>\n<meta property=\"og:url\" content=\"https:\/\/bianca.com.tr\/en\/urun\/dekoratif-kaplama-ince-dokulu\/\" \/>\n<meta property=\"og:site_name\" content=\"Bianca Boya\" \/>\n<meta property=\"article:modified_time\" content=\"2022-02-04T07:30:48+00:00\" \/>\n<meta property=\"og:image\" content=\"https:\/\/bianca.com.tr\/en\/wp-content\/uploads\/2021\/12\/dekoratif-kaplama_ince.png\" \/>\n\t<meta property=\"og:image:width\" content=\"675\" \/>\n\t<meta property=\"og:image:height\" content=\"600\" \/>\n\t<meta property=\"og:image:type\" content=\"image\/png\" \/>\n<meta name=\"twitter:card\" content=\"summary_large_image\" \/>\n<meta name=\"twitter:label1\" content=\"Est. reading time\" \/>\n\t<meta name=\"twitter:data1\" content=\"1 minute\" \/>\n<script type=\"application\/ld+json\" class=\"yoast-schema-graph\">{\"@context\":\"https:\/\/schema.org\",\"@graph\":[{\"@type\":\"WebPage\",\"@id\":\"https:\/\/bianca.com.tr\/en\/urun\/dekoratif-kaplama-ince-dokulu\/\",\"url\":\"https:\/\/bianca.com.tr\/en\/urun\/dekoratif-kaplama-ince-dokulu\/\",\"name\":\"Decorative Coating (Fine-Textured) - Bianca Boya\",\"isPartOf\":{\"@id\":\"https:\/\/bianca.com.tr\/en\/#website\"},\"primaryImageOfPage\":{\"@id\":\"https:\/\/bianca.com.tr\/en\/urun\/dekoratif-kaplama-ince-dokulu\/#primaryimage\"},\"image\":{\"@id\":\"https:\/\/bianca.com.tr\/en\/urun\/dekoratif-kaplama-ince-dokulu\/#primaryimage\"},\"thumbnailUrl\":\"https:\/\/bianca.com.tr\/en\/wp-content\/uploads\/2021\/12\/dekoratif-kaplama_ince.png\",\"datePublished\":\"2022-01-29T12:20:21+00:00\",\"dateModified\":\"2022-02-04T07:30:48+00:00\",\"breadcrumb\":{\"@id\":\"https:\/\/bianca.com.tr\/en\/urun\/dekoratif-kaplama-ince-dokulu\/#breadcrumb\"},\"inLanguage\":\"en-US\",\"potentialAction\":[{\"@type\":\"ReadAction\",\"target\":[\"https:\/\/bianca.com.tr\/en\/urun\/dekoratif-kaplama-ince-dokulu\/\"]}]},{\"@type\":\"ImageObject\",\"inLanguage\":\"en-US\",\"@id\":\"https:\/\/bianca.com.tr\/en\/urun\/dekoratif-kaplama-ince-dokulu\/#primaryimage\",\"url\":\"https:\/\/bianca.com.tr\/en\/wp-content\/uploads\/2021\/12\/dekoratif-kaplama_ince.png\",\"contentUrl\":\"https:\/\/bianca.com.tr\/en\/wp-content\/uploads\/2021\/12\/dekoratif-kaplama_ince.png\",\"width\":675,\"height\":600},{\"@type\":\"BreadcrumbList\",\"@id\":\"https:\/\/bianca.com.tr\/en\/urun\/dekoratif-kaplama-ince-dokulu\/#breadcrumb\",\"itemListElement\":[{\"@type\":\"ListItem\",\"position\":1,\"name\":\"Home\",\"item\":\"https:\/\/bianca.com.tr\/en\/\"},{\"@type\":\"ListItem\",\"position\":2,\"name\":\"Ma\u011faza\",\"item\":\"https:\/\/bianca.com.tr\/en\/magaza\/\"},{\"@type\":\"ListItem\",\"position\":3,\"name\":\"Decorative Coating (Fine-Textured)\"}]},{\"@type\":\"WebSite\",\"@id\":\"https:\/\/bianca.com.tr\/en\/#website\",\"url\":\"https:\/\/bianca.com.tr\/en\/\",\"name\":\"Bianca Boya\",\"description\":\"Decorative Building System\",\"potentialAction\":[{\"@type\":\"SearchAction\",\"target\":{\"@type\":\"EntryPoint\",\"urlTemplate\":\"https:\/\/bianca.com.tr\/en\/?s={search_term_string}\"},\"query-input\":{\"@type\":\"PropertyValueSpecification\",\"valueRequired\":true,\"valueName\":\"search_term_string\"}}],\"inLanguage\":\"en-US\"}]}<\/script>\n<!-- \/ Yoast SEO plugin. -->","yoast_head_json":{"title":"Decorative Coating (Fine-Textured) - Bianca Boya","robots":{"index":"index","follow":"follow","max-snippet":"max-snippet:-1","max-image-preview":"max-image-preview:large","max-video-preview":"max-video-preview:-1"},"canonical":"https:\/\/bianca.com.tr\/en\/urun\/dekoratif-kaplama-ince-dokulu\/","og_locale":"en_US","og_type":"article","og_title":"Decorative Coating (Fine-Textured) - Bianca Boya","og_description":"Son kat olarak uygulanmak \u00fczere geli\u015ftirilmi\u015f, esnek ve su itici toz polimerler ve \u00e7e\u015fitli kimyasallar ile aderans\u0131 ve zor ko\u015fullara dayan\u0131kl\u0131l\u0131\u011f\u0131 art\u0131r\u0131lm\u0131\u015f i\u00e7 ve d\u0131\u015f y\u00fczey kaplamas\u0131d\u0131r.   TDS","og_url":"https:\/\/bianca.com.tr\/en\/urun\/dekoratif-kaplama-ince-dokulu\/","og_site_name":"Bianca Boya","article_modified_time":"2022-02-04T07:30:48+00:00","og_image":[{"width":675,"height":600,"url":"https:\/\/bianca.com.tr\/en\/wp-content\/uploads\/2021\/12\/dekoratif-kaplama_ince.png","type":"image\/png"}],"twitter_card":"summary_large_image","twitter_misc":{"Est. reading time":"1 minute"},"schema":{"@context":"https:\/\/schema.org","@graph":[{"@type":"WebPage","@id":"https:\/\/bianca.com.tr\/en\/urun\/dekoratif-kaplama-ince-dokulu\/","url":"https:\/\/bianca.com.tr\/en\/urun\/dekoratif-kaplama-ince-dokulu\/","name":"Decorative Coating (Fine-Textured) - Bianca Boya","isPartOf":{"@id":"https:\/\/bianca.com.tr\/en\/#website"},"primaryImageOfPage":{"@id":"https:\/\/bianca.com.tr\/en\/urun\/dekoratif-kaplama-ince-dokulu\/#primaryimage"},"image":{"@id":"https:\/\/bianca.com.tr\/en\/urun\/dekoratif-kaplama-ince-dokulu\/#primaryimage"},"thumbnailUrl":"https:\/\/bianca.com.tr\/en\/wp-content\/uploads\/2021\/12\/dekoratif-kaplama_ince.png","datePublished":"2022-01-29T12:20:21+00:00","dateModified":"2022-02-04T07:30:48+00:00","breadcrumb":{"@id":"https:\/\/bianca.com.tr\/en\/urun\/dekoratif-kaplama-ince-dokulu\/#breadcrumb"},"inLanguage":"en-US","potentialAction":[{"@type":"ReadAction","target":["https:\/\/bianca.com.tr\/en\/urun\/dekoratif-kaplama-ince-dokulu\/"]}]},{"@type":"ImageObject","inLanguage":"en-US","@id":"https:\/\/bianca.com.tr\/en\/urun\/dekoratif-kaplama-ince-dokulu\/#primaryimage","url":"https:\/\/bianca.com.tr\/en\/wp-content\/uploads\/2021\/12\/dekoratif-kaplama_ince.png","contentUrl":"https:\/\/bianca.com.tr\/en\/wp-content\/uploads\/2021\/12\/dekoratif-kaplama_ince.png","width":675,"height":600},{"@type":"BreadcrumbList","@id":"https:\/\/bianca.com.tr\/en\/urun\/dekoratif-kaplama-ince-dokulu\/#breadcrumb","itemListElement":[{"@type":"ListItem","position":1,"name":"Home","item":"https:\/\/bianca.com.tr\/en\/"},{"@type":"ListItem","position":2,"name":"Ma\u011faza","item":"https:\/\/bianca.com.tr\/en\/magaza\/"},{"@type":"ListItem","position":3,"name":"Decorative Coating (Fine-Textured)"}]},{"@type":"WebSite","@id":"https:\/\/bianca.com.tr\/en\/#website","url":"https:\/\/bianca.com.tr\/en\/","name":"Bianca Boya","description":"Decorative Building System","potentialAction":[{"@type":"SearchAction","target":{"@type":"EntryPoint","urlTemplate":"https:\/\/bianca.com.tr\/en\/?s={search_term_string}"},"query-input":{"@type":"PropertyValueSpecification","valueRequired":true,"valueName":"search_term_string"}}],"inLanguage":"en-US"}]}},"_links":{"self":[{"href":"https:\/\/bianca.com.tr\/en\/wp-json\/wp\/v2\/product\/1186","targetHints":{"allow":["GET"]}}],"collection":[{"href":"https:\/\/bianca.com.tr\/en\/wp-json\/wp\/v2\/product"}],"about":[{"href":"https:\/\/bianca.com.tr\/en\/wp-json\/wp\/v2\/types\/product"}],"wp:featuredmedia":[{"embeddable":true,"href":"https:\/\/bianca.com.tr\/en\/wp-json\/wp\/v2\/media\/5411"}],"wp:attachment":[{"href":"https:\/\/bianca.com.tr\/en\/wp-json\/wp\/v2\/media?parent=1186"}],"wp:term":[{"taxonomy":"product_brand","embeddable":true,"href":"https:\/\/bianca.com.tr\/en\/wp-json\/wp\/v2\/product_brand?post=1186"},{"taxonomy":"product_cat","embeddable":true,"href":"https:\/\/bianca.com.tr\/en\/wp-json\/wp\/v2\/product_cat?post=1186"},{"taxonomy":"product_tag","embeddable":true,"href":"https:\/\/bianca.com.tr\/en\/wp-json\/wp\/v2\/product_tag?post=1186"}],"curies":[{"name":"wp","href":"https:\/\/api.w.org\/{rel}","templated":true}]}}