{"id":33,"date":"2017-09-14T14:27:41","date_gmt":"2017-09-14T11:27:41","guid":{"rendered":"http:\/\/localhost\/bianca\/?page_id=33"},"modified":"2019-03-13T08:19:30","modified_gmt":"2019-03-13T05:19:30","slug":"boyadikca-kazan","status":"publish","type":"page","link":"https:\/\/bianca.com.tr\/en\/boyadikca-kazan\/","title":{"rendered":"BOYADIK\u00c7A KAZAN"},"content":{"rendered":"<div id=\"pl-33\" class=\"panel-layout\">\n<div id=\"pg-33-0\" class=\"panel-grid panel-no-style\" data-style=\"{&quot;background_display&quot;:&quot;tile&quot;,&quot;cell_alignment&quot;:&quot;flex-start&quot;}\">\n<div id=\"pgc-33-0-0\" class=\"panel-grid-cell\" data-style=\"{&quot;background_display&quot;:&quot;tile&quot;,&quot;vertical_alignment&quot;:&quot;auto&quot;}\" data-weight=\"0.27817574021012\"><\/div>\n<div id=\"pgc-33-0-2\" class=\"panel-grid-cell\" data-weight=\"0.68992839137841\">\n<div id=\"panel-33-0-2-1\" class=\"so-panel widget widget_text\" data-index=\"2\" data-style=\"{&quot;background_image_attachment&quot;:false,&quot;background_display&quot;:&quot;tile&quot;}\">\n<div class=\"textwidget\">\n<h2>BOYADIK\u00c7A<br \/>\nKAZAN<\/h2>\n<p>Siz de\u011ferli i\u015f ortaklar\u0131m\u0131z ve ustalar\u0131m\u0131z i\u00e7in 2007\u2019de Bianca boya olarak <strong>BIANCACLUB<\/strong>\u2018u kurduk. Siz BIANCA CLUB \u00fcyeleri bundan sonra satt\u0131\u011f\u0131n\u0131z veya kulland\u0131\u011f\u0131n\u0131z Bianca \u00fcr\u00fcnlerinden hediye puanlar\u0131 kazanacaks\u0131n\u0131z. Bu puanlarla elinizdeki <strong>\u201cBoyad\u0131k\u00e7a Kazan\u201d<\/strong> katalo\u011funda bulunan birbirinden cazip hediyelerden, birikmi\u015f puan\u0131n\u0131z do\u011frultusunda, diledi\u011finizi talep edebileceksiniz.<\/p>\n<p>Sizlere her zaman iyiyi, kaliteyi sunmay\u0131 prensip edinmi\u015f olan Bianca Boya, hediyelerinizi iyi g\u00fcnlerde kullanman\u0131z\u0131 diler.<\/p>\n<p>Sayg\u0131lar\u0131m\u0131zla<\/p>\n<p><a class=\"btn btn-primary\" title=\"\u00fcye giri\u015fi\" href=\"http:\/\/185.51.112.171:8080\/mre\/pbnslogin.login?wb_srv=M3&amp;plang=0\" target=\"_blank\" rel=\"noopener\">\u00dcYE G\u0130R\u0130\u015e\u0130<\/a><\/p>\n<div id=\"accordion\" class=\"panel-group\" role=\"tablist\">\n<div class=\"panel panel-default\">\n<div id=\"headingOne\" class=\"panel-heading\" role=\"tab\">\n<h4 class=\"panel-title\"><a class=\"collapsed\" role=\"button\" href=\"#collapseOne\" data-toggle=\"collapse\" data-parent=\"#accordion\"><br \/>\nBianca Club \u00fcyeleri nas\u0131l puan kazanacak?<br \/>\n<\/a><\/h4>\n<\/div>\n<div id=\"collapseOne\" class=\"panel-collapse collapse\" role=\"tabpanel\" aria-labelledby=\"headingOne\">\n<div class=\"panel-body\">Kampanyaya dahil olan \u00fcr\u00fcnlerimizden (15.02.2007 den sonra \u00fcretilmi\u015f) yapaca\u011f\u0131n\u0131z al\u0131\u015fveri\u015flerinizde, \u00fcr\u00fcn i\u00e7inden \u00e7\u0131kan puanlar\u0131n \u00fcr\u00fcn\u00fc ald\u0131\u011f\u0131n\u0131z bayi arac\u0131l\u0131\u011f\u0131 ile Bianca\u2019ya ula\u015ft\u0131r\u0131lmas\u0131 yeterli olacakt\u0131r.\u00a0<a href=\"http:\/\/biancaboya.com\/index.html\"><span class=\"link_urun\">Boya<\/span><\/a>lar\u0131n i\u00e7inden \u00e7\u0131kan Bianca Puanlar\u0131 en k\u0131sa zamanda bayiyie ula\u015ft\u0131r\u0131n s\u00fcrpriz hediye kazanma f\u0131rsat\u0131 elde edin.<\/div>\n<\/div>\n<\/div>\n<div class=\"panel panel-default\">\n<div id=\"headingTwo\" class=\"panel-heading\" role=\"tab\">\n<h4 class=\"panel-title\"><a class=\"collapsed\" role=\"button\" href=\"#collapseTwo\" data-toggle=\"collapse\" data-parent=\"#accordion\"><br \/>\nBayilerimiz nas\u0131l puan kazanacak?<br \/>\n<\/a><\/h4>\n<\/div>\n<div id=\"collapseTwo\" class=\"panel-collapse collapse\" role=\"tabpanel\" aria-labelledby=\"headingTwo\">\n<div class=\"panel-body\">Club \u00dcyelerinin size teslim etmi\u015f oldu\u011fu puanlar\u0131 bize ula\u015ft\u0131rd\u0131\u011f\u0131n\u0131z takdirde puan de\u011ferinin 1\/3 oran\u0131nda puan hesab\u0131n\u0131za i\u015flenecektir.<\/div>\n<\/div>\n<\/div>\n<div class=\"panel panel-default\">\n<div id=\"headingThree\" class=\"panel-heading\" role=\"tab\">\n<h4 class=\"panel-title\"><a class=\"collapsed\" role=\"button\" href=\"#collapseThree\" data-toggle=\"collapse\" data-parent=\"#accordion\"><br \/>\nNas\u0131l hediye kazan\u0131l\u0131r?<br \/>\n<\/a><\/h4>\n<\/div>\n<div id=\"collapseThree\" class=\"panel-collapse collapse\" role=\"tabpanel\" aria-labelledby=\"headingThree\">\n<div class=\"panel-body\">Toplad\u0131\u011f\u0131n\u0131z puanlar ile elinizdeki katalogtan se\u00e7ti\u011finiz hediyenin puan\u0131na ula\u015ft\u0131\u011f\u0131n\u0131zda, katalo\u011fun arkas\u0131ndaki veya bu sayfadan indirdi\u011finiz hediye istek formunu doldurup, kimlik fotokopinizle birlikte 0212 858 04 08 numaraya fakslaman\u0131z veya Orkim Ortaklar San. ve Paz. A.\u015e. Kuru\u015fan Mevkii E6 Had\u0131mk\u00f6y \u00c7\u0131k\u0131\u015f\u0131 Gi\u015feler Yan\u0131 No:1 B\u00fcy\u00fck\u00e7ekmece\/\u0130STANBUL adresine iadeli-taahh\u00fctl\u00fc olarak g\u00f6ndermeniz yeterlidir.<\/div>\n<\/div>\n<\/div>\n<div class=\"panel panel-default\">\n<div id=\"headingFour\" class=\"panel-heading\" role=\"tab\">\n<h4 class=\"panel-title\"><a class=\"collapsed\" role=\"button\" href=\"#collapseFour\" data-toggle=\"collapse\" data-parent=\"#accordion\"><br \/>\nPuanlar nas\u0131l birle\u015ftirilir?<br \/>\n<\/a><\/h4>\n<\/div>\n<div id=\"collapseFour\" class=\"panel-collapse collapse\" role=\"tabpanel\" aria-labelledby=\"headingTwo\">\n<div class=\"panel-body\">Puanlar\u0131n\u0131 birle\u015ftirerek hediye almak isteyen \u00fcyeler puan birle\u015ftirme formunu doldurarak toplam puanlar\u0131 ile tek bir \u00fcye \u00fczerinden hediye alabilirler.<\/div>\n<\/div>\n<\/div>\n<div class=\"panel panel-default\">\n<div id=\"headingFive\" class=\"panel-heading\" role=\"tab\">\n<h4 class=\"panel-title\"><a class=\"collapsed\" role=\"button\" href=\"#collapseFive\" data-toggle=\"collapse\" data-parent=\"#accordion\"><br \/>\nHediyenizi nas\u0131l teslim alacaks\u0131n\u0131z?<br \/>\n<\/a><\/h4>\n<\/div>\n<div id=\"collapseFive\" class=\"panel-collapse collapse\" role=\"tabpanel\" aria-labelledby=\"headingTwo\">\n<div class=\"panel-body\">Hediye talepleriniz de\u011ferlendirildikten sonra hediyeleriniz kargo arac\u0131l\u0131\u011f\u0131 ile size en ge\u00e7 30 g\u00fcn i\u00e7inde teslim edilecektir. Kargo \u00fccreti Bianca taraf\u0131ndan \u00f6denecektir.<\/div>\n<\/div>\n<\/div>\n<div class=\"panel panel-default\">\n<div id=\"headingSix\" class=\"panel-heading\" role=\"tab\">\n<h4 class=\"panel-title\"><a class=\"collapsed\" role=\"button\" href=\"#collapseSix\" data-toggle=\"collapse\" data-parent=\"#accordion\"><br \/>\nDikkat edilecek hususlar nelerdir?<br \/>\n<\/a><\/h4>\n<\/div>\n<div id=\"collapseSix\" class=\"panel-collapse collapse\" role=\"tabpanel\" aria-labelledby=\"headingTwo\">\n<div class=\"panel-body\">1. Se\u00e7ti\u011finiz hediyenin teknik nedenlerden dolay\u0131 sa\u011flanamamas\u0131 ya da stoklar\u0131n t\u00fckenmesi durumunda, e\u015f de\u011ferde ba\u015fka bir hediye sunulur veya hakk\u0131n\u0131z sakl\u0131 kalmak sureti ile size yeni bir se\u00e7im imkan\u0131 verilir.<br \/>\n2. Katalogta yer alan \u00fcr\u00fcnler \u00fcretici ve ithalat\u00e7\u0131 firman\u0131n garantisi alt\u0131nda olup, garanti belgelerinde belirtilen h\u00fck\u00fcmlere tabidir.<br \/>\n3. Teslimat s\u0131ras\u0131nda hediyelerinizin hasarl\u0131 olup olmad\u0131\u011f\u0131n\u0131 kontrol ediniz. Hasarl\u0131 \u00fcr\u00fcnleri teslim almay\u0131n\u0131z.<br \/>\n4. Hediye talep formunu fotokopi ile \u00e7o\u011faltabilir veya bu sayfadaki linkten indirebilirsiniz.<br \/>\n5. Hediye Talep Formuna 09:00-18:00 saatleri aras\u0131nda bulunabilece\u011finiz adresi yaz\u0131n\u0131z..<\/div>\n<\/div>\n<\/div>\n<div class=\"panel panel-default\">\n<div id=\"headingSeven\" class=\"panel-heading\" role=\"tab\">\n<h4 class=\"panel-title\"><a class=\"collapsed\" role=\"button\" href=\"#collapseSeven\" data-toggle=\"collapse\" data-parent=\"#accordion\"><br \/>\n\u0130\u00e7inde puan bulunan \u00fcr\u00fcnler hangileridir?<br \/>\n<\/a><\/h4>\n<\/div>\n<div id=\"collapseSeven\" class=\"panel-collapse collapse\" role=\"tabpanel\" aria-labelledby=\"headingTwo\">\n<div class=\"panel-body\"><strong>2,50 lt<\/strong><br \/>\nImport Plastik<br \/>\nImport Sentetik<br \/>\nLux Sentetik<br \/>\nVals \u0130pek Mat<\/div>\n<div><\/div>\n<div class=\"panel-body\"><strong>3,75 lt<br \/>\n<\/strong>Yar\u0131 Mat Sentetik<\/div>\n<div><\/div>\n<div class=\"panel-body\"><strong>7,50 lt<\/strong><br \/>\nImport Plastik<br \/>\nMira Plastik<br \/>\nVals \u0130pek Mat<\/div>\n<div><\/div>\n<div class=\"panel-body\"><strong>12,00 lt<\/strong><br \/>\nForza Akrilik D\u0131\u015f Cephe Astar\u0131<br \/>\nForza Silikonlu D\u0131\u015f Cephe Astar\u0131<\/div>\n<div><\/div>\n<div class=\"panel-body\"><strong>15,00 lt<br \/>\n<\/strong>Akrilik D\u0131\u015f Cephe<br \/>\nAkrilik D\u0131\u015f Cephe Astar\u0131<br \/>\nElastik Kau\u00e7uklu D\u0131\u015f Cephe<br \/>\nForza Antipas<br \/>\nForza Sentetik<br \/>\nImport Sentetik<br \/>\nImport Plastik<br \/>\nMira Plastik<br \/>\nSilikonlu D\u0131\u015f Cephe<br \/>\nSilikonlu D\u0131\u015f Cephe Astar\u0131<br \/>\nVals Astar<br \/>\nVals Ge\u00e7i\u015f Astar\u0131<br \/>\nVals \u0130pek Mat<br \/>\nVals Mat<br \/>\nVals Yar\u0131 Mat<br \/>\nYar\u0131 Mat Sentetik<\/div>\n<div><\/div>\n<div class=\"panel-body\"><strong>10,00 kg<br \/>\n<\/strong>Tavan Plastik<\/div>\n<div><\/div>\n<div class=\"panel-body\"><strong>20,00 kg<br \/>\n<\/strong>Forza Akrilik D\u0131\u015f Cephe<\/div>\n<div class=\"panel-body\">Forza Silikonlu Mat Plastik<br \/>\nForza Silikonlu Texture<br \/>\nHam S\u0131va Astar\u0131<br \/>\nTavan Plastik<\/div>\n<div><\/div>\n<div class=\"panel-body\"><strong>25,00 kg<br \/>\n<\/strong>Akrilik Texture D\u0131\u015f Cephe<br \/>\nSilikonlu Texture D\u0131\u015f Cephe<\/div>\n<\/div>\n<\/div>\n<\/div>\n<\/div>\n<\/div>\n<\/div>\n<\/div>\n<\/div>\n","protected":false},"excerpt":{"rendered":"<p>BOYADIK\u00c7A KAZAN Siz de\u011ferli i\u015f ortaklar\u0131m\u0131z ve ustalar\u0131m\u0131z i\u00e7in 2007\u2019de Bianca boya olarak BIANCACLUB\u2018u kurduk. Siz BIANCA CLUB \u00fcyeleri bundan sonra satt\u0131\u011f\u0131n\u0131z veya kulland\u0131\u011f\u0131n\u0131z Bianca \u00fcr\u00fcnlerinden hediye puanlar\u0131 kazanacaks\u0131n\u0131z. Bu puanlarla elinizdeki \u201cBoyad\u0131k\u00e7a Kazan\u201d katalo\u011funda bulunan birbirinden cazip hediyelerden, birikmi\u015f puan\u0131n\u0131z do\u011frultusunda, diledi\u011finizi talep edebileceksiniz. Sizlere her zaman iyiyi, kaliteyi sunmay\u0131 prensip edinmi\u015f olan Bianca [&hellip;]<\/p>\n","protected":false},"author":1,"featured_media":0,"parent":0,"menu_order":0,"comment_status":"closed","ping_status":"closed","template":"","meta":{"footnotes":""},"class_list":["post-33","page","type-page","status-publish","hentry"],"yoast_head":"<!-- This site is optimized with the Yoast SEO plugin v26.4 - https:\/\/yoast.com\/wordpress\/plugins\/seo\/ -->\n<title>BOYADIK\u00c7A KAZAN - Bianca Boya<\/title>\n<meta name=\"robots\" content=\"index, follow, max-snippet:-1, max-image-preview:large, max-video-preview:-1\" \/>\n<link rel=\"canonical\" href=\"https:\/\/bianca.com.tr\/en\/boyadikca-kazan\/\" \/>\n<meta property=\"og:locale\" content=\"en_US\" \/>\n<meta property=\"og:type\" content=\"article\" \/>\n<meta property=\"og:title\" content=\"BOYADIK\u00c7A KAZAN - Bianca Boya\" \/>\n<meta property=\"og:description\" content=\"BOYADIK\u00c7A KAZAN Siz de\u011ferli i\u015f ortaklar\u0131m\u0131z ve ustalar\u0131m\u0131z i\u00e7in 2007\u2019de Bianca boya olarak BIANCACLUB\u2018u kurduk. Siz BIANCA CLUB \u00fcyeleri bundan sonra satt\u0131\u011f\u0131n\u0131z veya kulland\u0131\u011f\u0131n\u0131z Bianca \u00fcr\u00fcnlerinden hediye puanlar\u0131 kazanacaks\u0131n\u0131z. Bu puanlarla elinizdeki \u201cBoyad\u0131k\u00e7a Kazan\u201d katalo\u011funda bulunan birbirinden cazip hediyelerden, birikmi\u015f puan\u0131n\u0131z do\u011frultusunda, diledi\u011finizi talep edebileceksiniz. Sizlere her zaman iyiyi, kaliteyi sunmay\u0131 prensip edinmi\u015f olan Bianca [&hellip;]\" \/>\n<meta property=\"og:url\" content=\"https:\/\/bianca.com.tr\/en\/boyadikca-kazan\/\" \/>\n<meta property=\"og:site_name\" content=\"Bianca Boya\" \/>\n<meta property=\"article:modified_time\" content=\"2019-03-13T05:19:30+00:00\" \/>\n<meta name=\"twitter:card\" content=\"summary_large_image\" \/>\n<meta name=\"twitter:label1\" content=\"Est. reading time\" \/>\n\t<meta name=\"twitter:data1\" content=\"3 minutes\" \/>\n<script type=\"application\/ld+json\" class=\"yoast-schema-graph\">{\"@context\":\"https:\/\/schema.org\",\"@graph\":[{\"@type\":\"WebPage\",\"@id\":\"https:\/\/bianca.com.tr\/en\/boyadikca-kazan\/\",\"url\":\"https:\/\/bianca.com.tr\/en\/boyadikca-kazan\/\",\"name\":\"BOYADIK\u00c7A KAZAN - Bianca Boya\",\"isPartOf\":{\"@id\":\"https:\/\/bianca.com.tr\/en\/#website\"},\"datePublished\":\"2017-09-14T11:27:41+00:00\",\"dateModified\":\"2019-03-13T05:19:30+00:00\",\"breadcrumb\":{\"@id\":\"https:\/\/bianca.com.tr\/en\/boyadikca-kazan\/#breadcrumb\"},\"inLanguage\":\"en-US\",\"potentialAction\":[{\"@type\":\"ReadAction\",\"target\":[\"https:\/\/bianca.com.tr\/en\/boyadikca-kazan\/\"]}]},{\"@type\":\"BreadcrumbList\",\"@id\":\"https:\/\/bianca.com.tr\/en\/boyadikca-kazan\/#breadcrumb\",\"itemListElement\":[{\"@type\":\"ListItem\",\"position\":1,\"name\":\"Home\",\"item\":\"https:\/\/bianca.com.tr\/en\/\"},{\"@type\":\"ListItem\",\"position\":2,\"name\":\"BOYADIK\u00c7A KAZAN\"}]},{\"@type\":\"WebSite\",\"@id\":\"https:\/\/bianca.com.tr\/en\/#website\",\"url\":\"https:\/\/bianca.com.tr\/en\/\",\"name\":\"Bianca Boya\",\"description\":\"Decorative Building System\",\"potentialAction\":[{\"@type\":\"SearchAction\",\"target\":{\"@type\":\"EntryPoint\",\"urlTemplate\":\"https:\/\/bianca.com.tr\/en\/?s={search_term_string}\"},\"query-input\":{\"@type\":\"PropertyValueSpecification\",\"valueRequired\":true,\"valueName\":\"search_term_string\"}}],\"inLanguage\":\"en-US\"}]}<\/script>\n<!-- \/ Yoast SEO plugin. -->","yoast_head_json":{"title":"BOYADIK\u00c7A KAZAN - Bianca Boya","robots":{"index":"index","follow":"follow","max-snippet":"max-snippet:-1","max-image-preview":"max-image-preview:large","max-video-preview":"max-video-preview:-1"},"canonical":"https:\/\/bianca.com.tr\/en\/boyadikca-kazan\/","og_locale":"en_US","og_type":"article","og_title":"BOYADIK\u00c7A KAZAN - Bianca Boya","og_description":"BOYADIK\u00c7A KAZAN Siz de\u011ferli i\u015f ortaklar\u0131m\u0131z ve ustalar\u0131m\u0131z i\u00e7in 2007\u2019de Bianca boya olarak BIANCACLUB\u2018u kurduk. Siz BIANCA CLUB \u00fcyeleri bundan sonra satt\u0131\u011f\u0131n\u0131z veya kulland\u0131\u011f\u0131n\u0131z Bianca \u00fcr\u00fcnlerinden hediye puanlar\u0131 kazanacaks\u0131n\u0131z. Bu puanlarla elinizdeki \u201cBoyad\u0131k\u00e7a Kazan\u201d katalo\u011funda bulunan birbirinden cazip hediyelerden, birikmi\u015f puan\u0131n\u0131z do\u011frultusunda, diledi\u011finizi talep edebileceksiniz. Sizlere her zaman iyiyi, kaliteyi sunmay\u0131 prensip edinmi\u015f olan Bianca [&hellip;]","og_url":"https:\/\/bianca.com.tr\/en\/boyadikca-kazan\/","og_site_name":"Bianca Boya","article_modified_time":"2019-03-13T05:19:30+00:00","twitter_card":"summary_large_image","twitter_misc":{"Est. reading time":"3 minutes"},"schema":{"@context":"https:\/\/schema.org","@graph":[{"@type":"WebPage","@id":"https:\/\/bianca.com.tr\/en\/boyadikca-kazan\/","url":"https:\/\/bianca.com.tr\/en\/boyadikca-kazan\/","name":"BOYADIK\u00c7A KAZAN - Bianca Boya","isPartOf":{"@id":"https:\/\/bianca.com.tr\/en\/#website"},"datePublished":"2017-09-14T11:27:41+00:00","dateModified":"2019-03-13T05:19:30+00:00","breadcrumb":{"@id":"https:\/\/bianca.com.tr\/en\/boyadikca-kazan\/#breadcrumb"},"inLanguage":"en-US","potentialAction":[{"@type":"ReadAction","target":["https:\/\/bianca.com.tr\/en\/boyadikca-kazan\/"]}]},{"@type":"BreadcrumbList","@id":"https:\/\/bianca.com.tr\/en\/boyadikca-kazan\/#breadcrumb","itemListElement":[{"@type":"ListItem","position":1,"name":"Home","item":"https:\/\/bianca.com.tr\/en\/"},{"@type":"ListItem","position":2,"name":"BOYADIK\u00c7A KAZAN"}]},{"@type":"WebSite","@id":"https:\/\/bianca.com.tr\/en\/#website","url":"https:\/\/bianca.com.tr\/en\/","name":"Bianca Boya","description":"Decorative Building System","potentialAction":[{"@type":"SearchAction","target":{"@type":"EntryPoint","urlTemplate":"https:\/\/bianca.com.tr\/en\/?s={search_term_string}"},"query-input":{"@type":"PropertyValueSpecification","valueRequired":true,"valueName":"search_term_string"}}],"inLanguage":"en-US"}]}},"_links":{"self":[{"href":"https:\/\/bianca.com.tr\/en\/wp-json\/wp\/v2\/pages\/33","targetHints":{"allow":["GET"]}}],"collection":[{"href":"https:\/\/bianca.com.tr\/en\/wp-json\/wp\/v2\/pages"}],"about":[{"href":"https:\/\/bianca.com.tr\/en\/wp-json\/wp\/v2\/types\/page"}],"author":[{"embeddable":true,"href":"https:\/\/bianca.com.tr\/en\/wp-json\/wp\/v2\/users\/1"}],"replies":[{"embeddable":true,"href":"https:\/\/bianca.com.tr\/en\/wp-json\/wp\/v2\/comments?post=33"}],"version-history":[{"count":0,"href":"https:\/\/bianca.com.tr\/en\/wp-json\/wp\/v2\/pages\/33\/revisions"}],"wp:attachment":[{"href":"https:\/\/bianca.com.tr\/en\/wp-json\/wp\/v2\/media?parent=33"}],"curies":[{"name":"wp","href":"https:\/\/api.w.org\/{rel}","templated":true}]}}