{"id":11,"date":"2017-09-13T18:46:19","date_gmt":"2017-09-13T15:46:19","guid":{"rendered":"http:\/\/localhost\/bianca\/?page_id=11"},"modified":"2020-05-30T18:25:07","modified_gmt":"2020-05-30T15:25:07","slug":"contact","status":"publish","type":"page","link":"https:\/\/bianca.com.tr\/en\/contact\/","title":{"rendered":"CONTACT"},"content":{"rendered":"<div id=\"pl-11\" class=\"panel-layout\">\n<div id=\"pg-11-0\" class=\"panel-grid panel-no-style\" data-style=\"{&quot;background_display&quot;:&quot;tile&quot;,&quot;cell_alignment&quot;:&quot;flex-start&quot;}\">\n<div id=\"pgc-11-0-0\" class=\"panel-grid-cell\" data-weight=\"1\">\n<div id=\"panel-11-0-0-0\" class=\"so-panel widget widget_text panel-first-child panel-last-child\" data-index=\"0\" data-style=\"{&quot;background_display&quot;:&quot;tile&quot;}\">\n<div class=\"textwidget\"><\/div>\n<\/div>\n<\/div>\n<\/div>\n<div id=\"pg-11-1\" class=\"panel-grid panel-no-style\" data-style=\"{&quot;background_display&quot;:&quot;tile&quot;,&quot;cell_alignment&quot;:&quot;flex-start&quot;}\">\n<div id=\"pgc-11-1-0\" class=\"panel-grid-cell panel-grid-cell-empty\" data-weight=\"0.2\"><\/div>\n<div id=\"pgc-11-1-1\" class=\"panel-grid-cell\" data-weight=\"0.3\">\n<div id=\"panel-11-1-1-0\" class=\"so-panel widget widget_text panel-first-child panel-last-child\" data-index=\"1\" data-style=\"{&quot;background_image_attachment&quot;:false,&quot;background_display&quot;:&quot;tile&quot;}\">\n<h3 class=\"widget-title\">ORK\u0130M ORTAKLAR BOYA SANAY\u0130 VE PAZ. A.\u015e.<\/h3>\n<div class=\"textwidget\">\n<p><strong>Adress:<\/strong> Karaa\u011fa\u00e7 Mah. Had\u0131mk\u00f6y \u0130stanbul Cad. No:36 B\u00fcy\u00fck\u00e7ekmece \u2013 \u0130stanbul \/ TURKEY<\/p>\n<p><strong>Phone:<\/strong> +90 (212) 858 16 00 (pbx)<\/p>\n<p><strong>Fax:<\/strong> +90 (212) 858 04 08<\/p>\n<p><strong>e-Mail:<\/strong> export@biancaboya.com<\/p>\n<\/div>\n<\/div>\n<\/div>\n<div id=\"pgc-11-1-2\" class=\"panel-grid-cell panel-grid-cell-mobile-last\" data-weight=\"0.3\">\n<div id=\"panel-11-1-2-0\" class=\"so-panel widget widget_text panel-first-child panel-last-child\" data-index=\"2\" data-style=\"{&quot;background_display&quot;:&quot;tile&quot;}\">\n<h3 class=\"widget-title\">Contact Form<\/h3>\n<div class=\"textwidget\">\n<div id=\"wpcf7-f68-o1\" class=\"wpcf7\" dir=\"ltr\" lang=\"tr-TR\" role=\"form\">\n<div><\/div>\n\n<div class=\"wpcf7 no-js\" id=\"wpcf7-f68-o1\" lang=\"tr-TR\" dir=\"ltr\" data-wpcf7-id=\"68\">\n<div class=\"screen-reader-response\"><p role=\"status\" aria-live=\"polite\" aria-atomic=\"true\"><\/p> <ul><\/ul><\/div>\n<form action=\"\/en\/wp-json\/wp\/v2\/pages\/11#wpcf7-f68-o1\" method=\"post\" class=\"wpcf7-form init\" aria-label=\"\u0130leti\u015fim Formu\" novalidate=\"novalidate\" data-status=\"init\">\n<fieldset class=\"hidden-fields-container\"><input type=\"hidden\" name=\"_wpcf7\" value=\"68\" \/><input type=\"hidden\" name=\"_wpcf7_version\" value=\"6.1.3\" \/><input type=\"hidden\" name=\"_wpcf7_locale\" value=\"tr_TR\" \/><input type=\"hidden\" name=\"_wpcf7_unit_tag\" value=\"wpcf7-f68-o1\" \/><input type=\"hidden\" name=\"_wpcf7_container_post\" value=\"0\" \/><input type=\"hidden\" name=\"_wpcf7_posted_data_hash\" value=\"\" \/><input type=\"hidden\" name=\"_wpcf7_recaptcha_response\" value=\"\" \/>\n<\/fieldset>\n<p><label> Name-Surname (necessary)<br \/>\n<span class=\"wpcf7-form-control-wrap\" data-name=\"your-name\"><input size=\"40\" maxlength=\"400\" class=\"wpcf7-form-control wpcf7-text wpcf7-validates-as-required form-control\" aria-required=\"true\" aria-invalid=\"false\" value=\"\" type=\"text\" name=\"your-name\" \/><\/span> <\/label>\n<\/p>\n<p><label> e-mail (necessary)<br \/>\n<span class=\"wpcf7-form-control-wrap\" data-name=\"your-email\"><input size=\"40\" maxlength=\"400\" class=\"wpcf7-form-control wpcf7-email wpcf7-validates-as-required wpcf7-text wpcf7-validates-as-email form-control\" aria-required=\"true\" aria-invalid=\"false\" value=\"\" type=\"email\" name=\"your-email\" \/><\/span> <\/label>\n<\/p>\n<p><label> Not<br \/>\n<span class=\"wpcf7-form-control-wrap\" data-name=\"your-message\"><textarea cols=\"40\" rows=\"10\" maxlength=\"2000\" class=\"wpcf7-form-control wpcf7-textarea form-control\" aria-invalid=\"false\" name=\"your-message\"><\/textarea><\/span> <\/label>\n<\/p>\n\n<p><input class=\"wpcf7-form-control wpcf7-submit has-spinner btn btn-primary\" type=\"submit\" value=\"submit\" \/>\n<\/p><p style=\"display: none !important;\" class=\"akismet-fields-container\" data-prefix=\"_wpcf7_ak_\"><label>&#916;<textarea name=\"_wpcf7_ak_hp_textarea\" cols=\"45\" rows=\"8\" maxlength=\"100\"><\/textarea><\/label><input type=\"hidden\" id=\"ak_js_1\" name=\"_wpcf7_ak_js\" value=\"53\"\/><script>document.getElementById( \"ak_js_1\" ).setAttribute( \"value\", ( new Date() ).getTime() );<\/script><\/p><div class=\"wpcf7-response-output\" aria-hidden=\"true\"><\/div>\n<\/form>\n<\/div>\n\n<div class=\"wpcf7-response-output wpcf7-display-none\"><\/div>\n<\/div>\n<\/div>\n<\/div>\n<\/div>\n<div id=\"pgc-11-1-3\" class=\"panel-grid-cell panel-grid-cell-empty\" data-weight=\"0.2\"><\/div>\n<\/div>\n<\/div>\n","protected":false},"excerpt":{"rendered":"<p>ORK\u0130M ORTAKLAR BOYA SANAY\u0130 VE PAZ. A.\u015e. Adress: Karaa\u011fa\u00e7 Mah. Had\u0131mk\u00f6y \u0130stanbul Cad. No:36 B\u00fcy\u00fck\u00e7ekmece \u2013 \u0130stanbul \/ TURKEY Phone: +90 (212) 858 16 00 (pbx) Fax: +90 (212) 858 04 08 e-Mail: export@biancaboya.com Contact Form<\/p>\n","protected":false},"author":1,"featured_media":0,"parent":0,"menu_order":0,"comment_status":"closed","ping_status":"closed","template":"","meta":{"footnotes":""},"class_list":["post-11","page","type-page","status-publish","hentry"],"yoast_head":"<!-- This site is optimized with the Yoast SEO plugin v26.4 - https:\/\/yoast.com\/wordpress\/plugins\/seo\/ -->\n<title>CONTACT - Bianca Boya<\/title>\n<meta name=\"robots\" content=\"index, follow, max-snippet:-1, max-image-preview:large, max-video-preview:-1\" \/>\n<link rel=\"canonical\" href=\"https:\/\/bianca.com.tr\/en\/contact\/\" \/>\n<meta property=\"og:locale\" content=\"en_US\" \/>\n<meta property=\"og:type\" content=\"article\" \/>\n<meta property=\"og:title\" content=\"CONTACT - Bianca Boya\" \/>\n<meta property=\"og:description\" content=\"ORK\u0130M ORTAKLAR BOYA SANAY\u0130 VE PAZ. A.\u015e. Adress: Karaa\u011fa\u00e7 Mah. Had\u0131mk\u00f6y \u0130stanbul Cad. No:36 B\u00fcy\u00fck\u00e7ekmece \u2013 \u0130stanbul \/ TURKEY Phone: +90 (212) 858 16 00 (pbx) Fax: +90 (212) 858 04 08 e-Mail: export@biancaboya.com Contact Form\" \/>\n<meta property=\"og:url\" content=\"https:\/\/bianca.com.tr\/en\/contact\/\" \/>\n<meta property=\"og:site_name\" content=\"Bianca Boya\" \/>\n<meta property=\"article:modified_time\" content=\"2020-05-30T15:25:07+00:00\" \/>\n<meta name=\"twitter:card\" content=\"summary_large_image\" \/>\n<script type=\"application\/ld+json\" class=\"yoast-schema-graph\">{\"@context\":\"https:\/\/schema.org\",\"@graph\":[{\"@type\":\"WebPage\",\"@id\":\"https:\/\/bianca.com.tr\/en\/contact\/\",\"url\":\"https:\/\/bianca.com.tr\/en\/contact\/\",\"name\":\"CONTACT - Bianca Boya\",\"isPartOf\":{\"@id\":\"https:\/\/bianca.com.tr\/en\/#website\"},\"datePublished\":\"2017-09-13T15:46:19+00:00\",\"dateModified\":\"2020-05-30T15:25:07+00:00\",\"breadcrumb\":{\"@id\":\"https:\/\/bianca.com.tr\/en\/contact\/#breadcrumb\"},\"inLanguage\":\"en-US\",\"potentialAction\":[{\"@type\":\"ReadAction\",\"target\":[\"https:\/\/bianca.com.tr\/en\/contact\/\"]}]},{\"@type\":\"BreadcrumbList\",\"@id\":\"https:\/\/bianca.com.tr\/en\/contact\/#breadcrumb\",\"itemListElement\":[{\"@type\":\"ListItem\",\"position\":1,\"name\":\"Home\",\"item\":\"https:\/\/bianca.com.tr\/en\/\"},{\"@type\":\"ListItem\",\"position\":2,\"name\":\"CONTACT\"}]},{\"@type\":\"WebSite\",\"@id\":\"https:\/\/bianca.com.tr\/en\/#website\",\"url\":\"https:\/\/bianca.com.tr\/en\/\",\"name\":\"Bianca Boya\",\"description\":\"Decorative Building System\",\"potentialAction\":[{\"@type\":\"SearchAction\",\"target\":{\"@type\":\"EntryPoint\",\"urlTemplate\":\"https:\/\/bianca.com.tr\/en\/?s={search_term_string}\"},\"query-input\":{\"@type\":\"PropertyValueSpecification\",\"valueRequired\":true,\"valueName\":\"search_term_string\"}}],\"inLanguage\":\"en-US\"}]}<\/script>\n<!-- \/ Yoast SEO plugin. -->","yoast_head_json":{"title":"CONTACT - Bianca Boya","robots":{"index":"index","follow":"follow","max-snippet":"max-snippet:-1","max-image-preview":"max-image-preview:large","max-video-preview":"max-video-preview:-1"},"canonical":"https:\/\/bianca.com.tr\/en\/contact\/","og_locale":"en_US","og_type":"article","og_title":"CONTACT - Bianca Boya","og_description":"ORK\u0130M ORTAKLAR BOYA SANAY\u0130 VE PAZ. A.\u015e. Adress: Karaa\u011fa\u00e7 Mah. Had\u0131mk\u00f6y \u0130stanbul Cad. No:36 B\u00fcy\u00fck\u00e7ekmece \u2013 \u0130stanbul \/ TURKEY Phone: +90 (212) 858 16 00 (pbx) Fax: +90 (212) 858 04 08 e-Mail: export@biancaboya.com Contact Form","og_url":"https:\/\/bianca.com.tr\/en\/contact\/","og_site_name":"Bianca Boya","article_modified_time":"2020-05-30T15:25:07+00:00","twitter_card":"summary_large_image","schema":{"@context":"https:\/\/schema.org","@graph":[{"@type":"WebPage","@id":"https:\/\/bianca.com.tr\/en\/contact\/","url":"https:\/\/bianca.com.tr\/en\/contact\/","name":"CONTACT - Bianca Boya","isPartOf":{"@id":"https:\/\/bianca.com.tr\/en\/#website"},"datePublished":"2017-09-13T15:46:19+00:00","dateModified":"2020-05-30T15:25:07+00:00","breadcrumb":{"@id":"https:\/\/bianca.com.tr\/en\/contact\/#breadcrumb"},"inLanguage":"en-US","potentialAction":[{"@type":"ReadAction","target":["https:\/\/bianca.com.tr\/en\/contact\/"]}]},{"@type":"BreadcrumbList","@id":"https:\/\/bianca.com.tr\/en\/contact\/#breadcrumb","itemListElement":[{"@type":"ListItem","position":1,"name":"Home","item":"https:\/\/bianca.com.tr\/en\/"},{"@type":"ListItem","position":2,"name":"CONTACT"}]},{"@type":"WebSite","@id":"https:\/\/bianca.com.tr\/en\/#website","url":"https:\/\/bianca.com.tr\/en\/","name":"Bianca Boya","description":"Decorative Building System","potentialAction":[{"@type":"SearchAction","target":{"@type":"EntryPoint","urlTemplate":"https:\/\/bianca.com.tr\/en\/?s={search_term_string}"},"query-input":{"@type":"PropertyValueSpecification","valueRequired":true,"valueName":"search_term_string"}}],"inLanguage":"en-US"}]}},"_links":{"self":[{"href":"https:\/\/bianca.com.tr\/en\/wp-json\/wp\/v2\/pages\/11","targetHints":{"allow":["GET"]}}],"collection":[{"href":"https:\/\/bianca.com.tr\/en\/wp-json\/wp\/v2\/pages"}],"about":[{"href":"https:\/\/bianca.com.tr\/en\/wp-json\/wp\/v2\/types\/page"}],"author":[{"embeddable":true,"href":"https:\/\/bianca.com.tr\/en\/wp-json\/wp\/v2\/users\/1"}],"replies":[{"embeddable":true,"href":"https:\/\/bianca.com.tr\/en\/wp-json\/wp\/v2\/comments?post=11"}],"version-history":[{"count":1,"href":"https:\/\/bianca.com.tr\/en\/wp-json\/wp\/v2\/pages\/11\/revisions"}],"predecessor-version":[{"id":5088,"href":"https:\/\/bianca.com.tr\/en\/wp-json\/wp\/v2\/pages\/11\/revisions\/5088"}],"wp:attachment":[{"href":"https:\/\/bianca.com.tr\/en\/wp-json\/wp\/v2\/media?parent=11"}],"curies":[{"name":"wp","href":"https:\/\/api.w.org\/{rel}","templated":true}]}}